{"id":3394,"date":"2026-04-10T15:47:09","date_gmt":"2026-04-10T21:47:09","guid":{"rendered":"https:\/\/intrajanus.com.mx\/Intjanus\/?page_id=3394"},"modified":"2026-04-11T12:40:13","modified_gmt":"2026-04-11T18:40:13","slug":"residencial_bi","status":"publish","type":"page","link":"https:\/\/intrajanus.com.mx\/Intjanus\/index.php\/residencial_bi\/","title":{"rendered":"Residencial_BI"},"content":{"rendered":"<div class=\"et_pb_section_0 et_pb_section et_section_regular et_block_section et_pb_section_parallax\"><span class=\"et-pb-parallax-wrapper\"><span class=\"et-pb-parallax-background et-pb-parallax-background_phone et-pb-parallax-background_phone-module--divi-section-0\" style=\"background-image:url(https:\/\/intrajanus.com.mx\/Intjanus\/wp-content\/uploads\/bod_sotanos_est_nara.avif)\"><\/span><\/span>\n<div class=\"et_pb_row_0 et_pb_row et_block_row\">\n<div class=\"et_pb_column_0 et_pb_column et_pb_column_1_2 et-last-child et_block_column et_pb_css_mix_blend_mode_passthrough\">\n<div class=\"et_pb_text_0 et_pb_text et_pb_bg_layout_light et_pb_module et_flex_module\"><div class=\"et_pb_text_inner\" data-et-mv-hidden-phone=\"true\"><div id=\"comp-m8xgi8cm5\" class=\"Z_l5lU ku3DBC zQ9jDz qvSjx3 Vq6kJx comp-m8xgi8cm5 wixui-rich-text\" data-testid=\"richTextElement\">\n<div id=\"comp-m8gbaufs5\" class=\"ku3DBC zQ9jDz qvSjx3 Vq6kJx comp-m8gbaufs5 wixui-rich-text\" data-testid=\"richTextElement\">\n<h1 class=\"font_0 wixui-rich-text__text\" style=\"padding-left: 80px;\"><span class=\"wixui-rich-text__text\">Bodegas en S\u00f3tanos de Estacionamiento:<\/span><\/h1>\n<h1 class=\"font_0 wixui-rich-text__text\" style=\"padding-left: 80px;\"><span class=\"wixui-rich-text__text\">Espacio Seguro para tu Proyecto Residencial<\/span><\/h1>\n<\/div>\n<div id=\"comp-m8gbaufu1\" class=\"ku3DBC zQ9jDz qvSjx3 Vq6kJx comp-m8gbaufu1 wixui-rich-text\" data-testid=\"richTextElement\" style=\"padding-left: 160px;\">\n<p class=\"font_8 wixui-rich-text__text\"><span class=\"wixui-rich-text__text\">Aprovecha al m\u00e1ximo los espacios en tu desarrollo residencial con nuestras bodegas para s\u00f3tanos de estacionamiento. Dise\u00f1adas para ofrecer almacenamiento seguro y ordenado, son la soluci\u00f3n perfecta para condominios, edificios de departamentos y desarrollos habitacionales.<\/span><\/p>\n<p class=\"font_8 wixui-rich-text__text\"><span class=\"wixui-rich-text__text\">\u200b<\/span><span class=\"wixui-rich-text__text\">Beneficios para tu proyecto:<\/span><\/p>\n<h3 class=\"font_3 wixui-rich-text__text\"><span class=\"wixui-rich-text__text\">\u200b<\/span><\/h3>\n<p class=\"font_8 wixui-rich-text__text\"><span class=\"wixui-rich-text__text\">&#x2705; Optimizaci\u00f3n del espacio sin afectar la movilidad vehicular &#x1f698;<br class=\"wixui-rich-text__text\" \/>&#x2705; Estructura met\u00e1lica segura y resistente &#x1f512;<br class=\"wixui-rich-text__text\" \/>&#x2705; Dise\u00f1os modulares y personalizables seg\u00fan el espacio disponible &#x1f4cf;<br class=\"wixui-rich-text__text\" \/>&#x2705; Ideal para almacenamiento de residentes: herramientas, bicicletas, cajas y m\u00e1s &#x1f4e6;<\/span><\/p>\n<p class=\"font_8 wixui-rich-text__text\"><span class=\"wixui-rich-text__text\">Convierte \u00e1reas subutilizadas en un beneficio extra para los residentes y agrega valor a tu desarrollo inmobiliario.<\/span><\/p>\n<\/div>\n<\/div>\n<\/div><\/div>\n<\/div>\n<\/div>\n<\/div>\n\n<div class=\"et_pb_section_1 et_pb_section et_section_regular et_flex_section\">\n<div class=\"et_pb_row_1 et_pb_row et_flex_row\">\n<div class=\"et_pb_column_1 et_pb_column et-last-child et_flex_column et_pb_css_mix_blend_mode_passthrough et_flex_column_24_24 et_flex_column_24_24_tablet et_flex_column_24_24_phone\">\n<div class=\"et_pb_text_1 et_pb_text et_pb_bg_layout_light et_pb_module et_flex_module\"><div class=\"et_pb_text_inner\"><h1>Bodegas en S\u00f3tanos de Estacionamiento:<br \/>Espacio Seguro para tu Proyecto Residencial<\/h1>\n<p>Aprovecha al m\u00e1ximo los espacios en tu desarrollo residencial con nuestras bodegas para s\u00f3tanos de estacionamiento. Dise\u00f1adas para ofrecer almacenamiento seguro y ordenado, son la soluci\u00f3n perfecta para condominios, edificios de departamentos y desarrollos habitacionales.<\/p>\n<p>\u200bBeneficios para tu proyecto:<\/p>\n<p>\u200b&#x2705; Optimizaci\u00f3n del espacio sin afectar la movilidad vehicular &#x1f698;<br \/>&#x2705; Estructura met\u00e1lica segura y resistente &#x1f512;<br \/>&#x2705; Dise\u00f1os modulares y personalizables seg\u00fan el espacio disponible &#x1f4cf;<br \/>&#x2705; Ideal para almacenamiento de residentes: herramientas, bicicletas, cajas y m\u00e1s &#x1f4e6;<\/p>\n<p>Convierte \u00e1reas subutilizadas en un beneficio extra para los residentes y agrega valor a tu desarrollo inmobiliario.<\/p>\n<\/div><\/div>\n<\/div>\n<\/div>\n<\/div>\n\n<div class=\"et_pb_section_2 et_pb_section et_section_regular et_block_section\">\n<div class=\"et_pb_row_2 et_pb_row et_flex_row\">\n<div class=\"et_pb_column_2 et_pb_column et-last-child et_flex_column et_pb_css_mix_blend_mode_passthrough et_flex_column_24_24 et_flex_column_24_24_tablet et_flex_column_24_24_phone\">\n<div class=\"et_pb_divider_0 et_pb_divider_hidden et_pb_space et_pb_divider_position_top et_pb_module\"><div class=\"et_pb_divider_internal\"><\/div><\/div>\n<\/div>\n<\/div>\n\n<div class=\"et_pb_row_3 et_pb_row et_flex_row\">\n<div class=\"et_pb_column_3 et_pb_column et_flex_column et_pb_css_mix_blend_mode_passthrough et_flex_column_8_24 et_flex_column_8_24_tablet et_flex_column_24_24_phone\">\n<div class=\"et_pb_number_counter_0 et_pb_number_counter et_pb_bg_layout_light et_pb_text_align_center et_pb_with_title et_pb_module et_flex_module\"><div class=\"percent\"><p><span class=\"percent-value\"><\/span><span class=\"percent-sign\"><\/span><\/p><\/div><h3 class=\"title\">Proyectos Instalados<\/h3><\/div>\n<\/div>\n\n<div class=\"et_pb_column_4 et_pb_column et_flex_column et_pb_css_mix_blend_mode_passthrough et_flex_column_8_24 et_flex_column_8_24_tablet et_flex_column_24_24_phone\">\n<div class=\"et_pb_number_counter_1 et_pb_number_counter et_pb_bg_layout_light et_pb_text_align_center et_pb_with_title et_pb_module et_flex_module\"><div class=\"percent\"><p><span class=\"percent-value\"><\/span><span class=\"percent-sign\"><\/span><\/p><\/div><h3 class=\"title\">Construidos<\/h3><\/div>\n\n<div class=\"et_pb_number_counter_2 et_pb_number_counter et_pb_bg_layout_light et_pb_text_align_center et_pb_with_title et_pb_module et_flex_module\"><div class=\"percent\"><p><span class=\"percent-value\"><\/span><span class=\"percent-sign\"><\/span><\/p><\/div><h3 class=\"title\">Construidos<\/h3><\/div>\n<\/div>\n\n<div class=\"et_pb_column_5 et_pb_column et-last-child et_flex_column et_pb_css_mix_blend_mode_passthrough et_flex_column_8_24 et_flex_column_8_24_tablet et_flex_column_24_24_phone\">\n<div class=\"et_pb_number_counter_3 et_pb_number_counter et_pb_bg_layout_light et_pb_text_align_center et_pb_with_title et_pb_module et_flex_module\"><div class=\"percent\"><p><span class=\"percent-value\"><\/span><span class=\"percent-sign\"><\/span><\/p><\/div><h3 class=\"title\">A\u00f1os de experiencia<\/h3><\/div>\n<\/div>\n<\/div>\n\n<div class=\"et_pb_row_4 et_pb_row et_block_row\">\n<div class=\"et_pb_row_5 et_pb_row et_pb_row_nested et_flex_row\">\n<div class=\"et_pb_column_6 et_pb_column et-last-child et_flex_column et_pb_css_mix_blend_mode_passthrough et_flex_column_24_24 et_flex_column_24_24_tablet et_flex_column_24_24_phone\">\n<div class=\"et_pb_text_2 et_pb_text et_pb_bg_layout_light et_pb_module et_flex_module\"><div class=\"et_pb_text_inner\"><h1><span>Orgullosamente fabricado en M\u00e9xico, con cobertura en todo el pa\u00eds y presencia internacional.<\/span><\/h1>\n<\/div><\/div>\n<\/div>\n<\/div>\n<\/div>\n\n<div class=\"et_pb_row_6 et_pb_row et_block_row\">\n<div class=\"et_pb_row_7 et_pb_row et_pb_row_nested et_flex_row\">\n<div class=\"et_pb_column_7 et_pb_column et-last-child et_flex_column et_pb_css_mix_blend_mode_passthrough et_flex_column_24_24 et_flex_column_24_24_tablet et_flex_column_24_24_phone\">\n<div class=\"et_pb_map_0 et_pb_map_container et_pb_module et_flex_module\" data-grayscale=\"\"><div class=\"et_pb_map\" data-center-lat=\"0\" data-center-lng=\"0\" data-zoom=\"14\" data-mouse-wheel=\"on\" data-mobile-dragging=\"on\"><\/div>\n<div class=\"et_pb_map_pin_0 et_pb_map_pin\" data-lat=\"0\" data-lng=\"0\" data-title=\"\"><\/div>\n<\/div>\n<\/div>\n<\/div>\n<\/div>\n\n<div class=\"et_pb_row_8 et_pb_row et_block_row\">\n<div class=\"et_pb_column_8 et_pb_column et_pb_column_4_4 et-last-child et_block_column et_pb_css_mix_blend_mode_passthrough\">\n<div class=\"et_pb_text_3 et_pb_text et_pb_bg_layout_light et_pb_module et_block_module\"><div class=\"et_pb_text_inner\" data-et-mv-hidden-phone=\"true\"><h1 class=\"font_0 wixui-rich-text__text\"><span class=\"wixui-rich-text__text\">Nuestros sistemas de mini bodegas est\u00e1n dise\u00f1ados y fabricados con durabilidad, instalaci\u00f3n r\u00e1pida y de f\u00e1cil mantenimiento.<\/span><\/h1>\n<\/div><\/div>\n<\/div>\n<\/div>\n\n<div class=\"et_pb_row_9 et_pb_row et_flex_row\">\n<div class=\"et_pb_column_9 et_pb_column et_flex_column et_pb_css_mix_blend_mode_passthrough et_flex_column_12_24 et_flex_column_12_24_tablet et_flex_column_24_24_phone\">\n<div class=\"et_pb_image_0 et_pb_image et_pb_module et_flex_module\"><span class=\"et_pb_image_wrap\"><img fetchpriority=\"high\" fetchpriority=\"high\" decoding=\"async\" src=\"https:\/\/intrajanus.com.mx\/Intjanus\/wp-content\/uploads\/iconos.png\" title=\"iconos\" width=\"758\" height=\"659\" srcset=\"https:\/\/intrajanus.com.mx\/Intjanus\/wp-content\/uploads\/iconos.png 758w, https:\/\/intrajanus.com.mx\/Intjanus\/wp-content\/uploads\/iconos-480x417.png 480w\" sizes=\"(min-width: 0px) and (max-width: 480px) 480px, (min-width: 481px) 758px, 100vw\" class=\"wp-image-3444\" \/><\/span><\/div>\n<\/div>\n\n<div class=\"et_pb_column_10 et_pb_column et-last-child et_flex_column et_pb_css_mix_blend_mode_passthrough et_flex_column_12_24 et_flex_column_12_24_tablet et_flex_column_24_24_phone\">\n<div class=\"et_pb_gallery_0 et_pb_gallery et_pb_bg_layout_light et_pb_slider et_pb_gallery_fullwidth clearfix et_pb_module et_flex_column_24_24 et_flex_column_24_24_tablet et_flex_column_24_24_phone\" data-auto-rotate=\"off\" data-auto-rotate-speed=\"\"><div class=\"et_pb_gallery_items et_post_gallery clearfix\" data-per_page=\"4\"><div class=\"et_pb_gallery_item et_pb_gallery_item_0_0\"><div class=\"et_pb_gallery_image landscape\" data-per_page=\"4\"><a href=\"https:\/\/intrajanus.com.mx\/Intjanus\/wp-content\/uploads\/sot_est_bco.avif\" title=\"Bodegas en s\u00f3tanos de estacionamiento\"><img decoding=\"async\" width=\"518\" height=\"347\" src=\"https:\/\/intrajanus.com.mx\/Intjanus\/wp-content\/uploads\/sot_est_bco.avif\" alt=\"Bodegas en s\u00f3tanos de estacionamiento\" class=\"wp-image-3399\" srcset=\"https:\/\/intrajanus.com.mx\/Intjanus\/wp-content\/uploads\/sot_est_bco.avif 518w, https:\/\/intrajanus.com.mx\/Intjanus\/wp-content\/uploads\/sot_est_bco-300x201.avif 300w, https:\/\/intrajanus.com.mx\/Intjanus\/wp-content\/uploads\/sot_est_bco-480x322.avif 480w\" sizes=\"(max-width: 518px) 100vw, 518px\" \/><span class=\"et_overlay\" data-icon=\"\" data-icon-tablet=\"\" data-icon-phone=\"\"><\/span><\/a><\/div><\/div><div class=\"et_pb_gallery_item et_pb_gallery_item_0_1\"><div class=\"et_pb_gallery_image landscape\" data-per_page=\"4\"><a href=\"https:\/\/intrajanus.com.mx\/Intjanus\/wp-content\/uploads\/locker_amari.avif\" title=\"Locker\"><img decoding=\"async\" width=\"518\" height=\"347\" src=\"https:\/\/intrajanus.com.mx\/Intjanus\/wp-content\/uploads\/locker_amari.avif\" alt=\"Locker\" class=\"wp-image-3406\" srcset=\"https:\/\/intrajanus.com.mx\/Intjanus\/wp-content\/uploads\/locker_amari.avif 518w, https:\/\/intrajanus.com.mx\/Intjanus\/wp-content\/uploads\/locker_amari-300x201.avif 300w, https:\/\/intrajanus.com.mx\/Intjanus\/wp-content\/uploads\/locker_amari-480x322.avif 480w\" sizes=\"(max-width: 518px) 100vw, 518px\" \/><span class=\"et_overlay\" data-icon=\"\" data-icon-tablet=\"\" data-icon-phone=\"\"><\/span><\/a><\/div><\/div><div class=\"et_pb_gallery_item et_pb_gallery_item_0_2\"><div class=\"et_pb_gallery_image landscape\" data-per_page=\"4\"><a href=\"https:\/\/intrajanus.com.mx\/Intjanus\/wp-content\/uploads\/frente_bodegas.avif\" title=\"Bodegas en s\u00f3tanos de estacionamiento\"><img loading=\"lazy\" loading=\"lazy\" decoding=\"async\" width=\"518\" height=\"347\" src=\"https:\/\/intrajanus.com.mx\/Intjanus\/wp-content\/uploads\/frente_bodegas.avif\" alt=\"Bodegas en s\u00f3tanos de estacionamiento\" class=\"wp-image-3405\" srcset=\"https:\/\/intrajanus.com.mx\/Intjanus\/wp-content\/uploads\/frente_bodegas.avif 518w, https:\/\/intrajanus.com.mx\/Intjanus\/wp-content\/uploads\/frente_bodegas-300x201.avif 300w, https:\/\/intrajanus.com.mx\/Intjanus\/wp-content\/uploads\/frente_bodegas-480x322.avif 480w\" sizes=\"(max-width: 518px) 100vw, 518px\" \/><span class=\"et_overlay\" data-icon=\"\" data-icon-tablet=\"\" data-icon-phone=\"\"><\/span><\/a><\/div><\/div><div class=\"et_pb_gallery_item et_pb_gallery_item_0_3\"><div class=\"et_pb_gallery_image landscape\" data-per_page=\"4\"><a href=\"https:\/\/intrajanus.com.mx\/Intjanus\/wp-content\/uploads\/bod_sotanos_est.avif\" title=\"Bodegas en s\u00f3tanos de estacionamiento\"><img loading=\"lazy\" loading=\"lazy\" decoding=\"async\" width=\"518\" height=\"347\" src=\"https:\/\/intrajanus.com.mx\/Intjanus\/wp-content\/uploads\/bod_sotanos_est.avif\" alt=\"Bodegas en s\u00f3tanos de estacionamiento\" class=\"wp-image-3400\" srcset=\"https:\/\/intrajanus.com.mx\/Intjanus\/wp-content\/uploads\/bod_sotanos_est.avif 518w, https:\/\/intrajanus.com.mx\/Intjanus\/wp-content\/uploads\/bod_sotanos_est-300x201.avif 300w, https:\/\/intrajanus.com.mx\/Intjanus\/wp-content\/uploads\/bod_sotanos_est-480x322.avif 480w\" sizes=\"(max-width: 518px) 100vw, 518px\" \/><span class=\"et_overlay\" data-icon=\"\" data-icon-tablet=\"\" data-icon-phone=\"\"><\/span><\/a><\/div><\/div><div class=\"et_pb_gallery_item et_pb_gallery_item_0_4\"><div class=\"et_pb_gallery_image landscape\" data-per_page=\"4\"><a href=\"https:\/\/intrajanus.com.mx\/Intjanus\/wp-content\/uploads\/bod_sotanos_est_azul.avif\" title=\"Bodegas en s\u00f3tanos de estacionamiento\"><img loading=\"lazy\" loading=\"lazy\" decoding=\"async\" width=\"518\" height=\"347\" src=\"https:\/\/intrajanus.com.mx\/Intjanus\/wp-content\/uploads\/bod_sotanos_est_azul.avif\" alt=\"Bodegas en s\u00f3tanos de estacionamiento\" class=\"wp-image-3402\" srcset=\"https:\/\/intrajanus.com.mx\/Intjanus\/wp-content\/uploads\/bod_sotanos_est_azul.avif 518w, https:\/\/intrajanus.com.mx\/Intjanus\/wp-content\/uploads\/bod_sotanos_est_azul-300x201.avif 300w, https:\/\/intrajanus.com.mx\/Intjanus\/wp-content\/uploads\/bod_sotanos_est_azul-480x322.avif 480w\" sizes=\"(max-width: 518px) 100vw, 518px\" \/><span class=\"et_overlay\" data-icon=\"\" data-icon-tablet=\"\" data-icon-phone=\"\"><\/span><\/a><\/div><\/div><div class=\"et_pb_gallery_item et_pb_gallery_item_0_5\"><div class=\"et_pb_gallery_image landscape\" data-per_page=\"4\"><a href=\"https:\/\/intrajanus.com.mx\/Intjanus\/wp-content\/uploads\/bod_sotanos_est_amarillo.avif\" title=\"Bodegas en s\u00f3tanos de estacionamiento\"><img loading=\"lazy\" loading=\"lazy\" decoding=\"async\" width=\"518\" height=\"347\" src=\"https:\/\/intrajanus.com.mx\/Intjanus\/wp-content\/uploads\/bod_sotanos_est_amarillo.avif\" alt=\"Bodegas en s\u00f3tanos de estacionamiento\" class=\"wp-image-3401\" srcset=\"https:\/\/intrajanus.com.mx\/Intjanus\/wp-content\/uploads\/bod_sotanos_est_amarillo.avif 518w, https:\/\/intrajanus.com.mx\/Intjanus\/wp-content\/uploads\/bod_sotanos_est_amarillo-300x201.avif 300w, https:\/\/intrajanus.com.mx\/Intjanus\/wp-content\/uploads\/bod_sotanos_est_amarillo-480x322.avif 480w\" sizes=\"(max-width: 518px) 100vw, 518px\" \/><span class=\"et_overlay\" data-icon=\"\" data-icon-tablet=\"\" data-icon-phone=\"\"><\/span><\/a><\/div><\/div><div class=\"et_pb_gallery_item et_pb_gallery_item_0_6\"><div class=\"et_pb_gallery_image landscape\" data-per_page=\"4\"><a href=\"https:\/\/intrajanus.com.mx\/Intjanus\/wp-content\/uploads\/bod_sotanos_est_bco.avif\" title=\"Bodegas en s\u00f3tanos de estacionamiento\"><img loading=\"lazy\" loading=\"lazy\" decoding=\"async\" width=\"518\" height=\"347\" src=\"https:\/\/intrajanus.com.mx\/Intjanus\/wp-content\/uploads\/bod_sotanos_est_bco.avif\" alt=\"Bodegas en s\u00f3tanos de estacionamiento\" class=\"wp-image-3403\" srcset=\"https:\/\/intrajanus.com.mx\/Intjanus\/wp-content\/uploads\/bod_sotanos_est_bco.avif 518w, https:\/\/intrajanus.com.mx\/Intjanus\/wp-content\/uploads\/bod_sotanos_est_bco-300x201.avif 300w, https:\/\/intrajanus.com.mx\/Intjanus\/wp-content\/uploads\/bod_sotanos_est_bco-480x322.avif 480w\" sizes=\"(max-width: 518px) 100vw, 518px\" \/><span class=\"et_overlay\" data-icon=\"\" data-icon-tablet=\"\" data-icon-phone=\"\"><\/span><\/a><\/div><\/div><div class=\"et_pb_gallery_item et_pb_gallery_item_0_7\"><div class=\"et_pb_gallery_image landscape\" data-per_page=\"4\"><a href=\"https:\/\/intrajanus.com.mx\/Intjanus\/wp-content\/uploads\/bod_sotanos_est_naran.avif\" title=\"Bodegas en s\u00f3tanos de estacionamiento\"><img loading=\"lazy\" loading=\"lazy\" decoding=\"async\" width=\"2332\" height=\"884\" src=\"https:\/\/intrajanus.com.mx\/Intjanus\/wp-content\/uploads\/bod_sotanos_est_naran.avif\" alt=\"Bodegas en s\u00f3tanos de estacionamiento\" class=\"wp-image-3425\" srcset=\"https:\/\/intrajanus.com.mx\/Intjanus\/wp-content\/uploads\/bod_sotanos_est_naran.avif 2332w, https:\/\/intrajanus.com.mx\/Intjanus\/wp-content\/uploads\/bod_sotanos_est_naran-300x114.avif 300w, https:\/\/intrajanus.com.mx\/Intjanus\/wp-content\/uploads\/bod_sotanos_est_naran-1024x388.avif 1024w, https:\/\/intrajanus.com.mx\/Intjanus\/wp-content\/uploads\/bod_sotanos_est_naran-768x291.avif 768w, https:\/\/intrajanus.com.mx\/Intjanus\/wp-content\/uploads\/bod_sotanos_est_naran-1536x582.avif 1536w, https:\/\/intrajanus.com.mx\/Intjanus\/wp-content\/uploads\/bod_sotanos_est_naran-2048x776.avif 2048w, https:\/\/intrajanus.com.mx\/Intjanus\/wp-content\/uploads\/bod_sotanos_est_naran-1080x409.avif 1080w, https:\/\/intrajanus.com.mx\/Intjanus\/wp-content\/uploads\/bod_sotanos_est_naran-1280x485.avif 1280w, https:\/\/intrajanus.com.mx\/Intjanus\/wp-content\/uploads\/bod_sotanos_est_naran-980x371.avif 980w, https:\/\/intrajanus.com.mx\/Intjanus\/wp-content\/uploads\/bod_sotanos_est_naran-480x182.avif 480w\" sizes=\"(max-width: 2332px) 100vw, 2332px\" \/><span class=\"et_overlay\" data-icon=\"\" data-icon-tablet=\"\" data-icon-phone=\"\"><\/span><\/a><\/div><\/div><\/div><\/div>\n<\/div>\n<\/div>\n\n<div class=\"et_pb_row_10 et_pb_row et_flex_row\">\n<div class=\"et_pb_column_11 et_pb_column et-last-child et_flex_column et_pb_css_mix_blend_mode_passthrough et_flex_column_24_24 et_flex_column_24_24_tablet et_flex_column_24_24_phone\">\n<div class=\"et_pb_divider_1 et_pb_divider_hidden et_pb_space et_pb_divider_position_top et_pb_module\"><div class=\"et_pb_divider_internal\"><\/div><\/div>\n\n<div class=\"et_pb_heading_0 et_pb_heading et_pb_module et_flex_module\"><div class=\"et_pb_heading_container\"><h1 class=\"et_pb_module_header\">SISTEMA DE LOCKER\u00b4S<\/h1><\/div><\/div>\n<\/div>\n<\/div>\n\n<div class=\"et_pb_row_11 et_pb_row et_flex_row\">\n<div class=\"et_pb_column_12 et_pb_column et_flex_column et_pb_css_mix_blend_mode_passthrough et_flex_column_12_24 et_flex_column_12_24_tablet et_flex_column_24_24_phone\">\n<div class=\"et_pb_image_1 et_pb_image et_pb_module et_flex_module\"><span class=\"et_pb_image_wrap\"><img loading=\"lazy\" loading=\"lazy\" decoding=\"async\" src=\"https:\/\/intrajanus.com.mx\/Intjanus\/wp-content\/uploads\/lockers_rojo.avif\" alt=\"LOCKERS\" title=\"lockers_rojo\" width=\"432\" height=\"289\" srcset=\"https:\/\/intrajanus.com.mx\/Intjanus\/wp-content\/uploads\/lockers_rojo.avif 432w, https:\/\/intrajanus.com.mx\/Intjanus\/wp-content\/uploads\/lockers_rojo-300x201.avif 300w\" sizes=\"(max-width: 432px) 100vw, 432px\" class=\"wp-image-3410\" \/><\/span><\/div>\n<\/div>\n\n<div class=\"et_pb_column_13 et_pb_column et-last-child et_flex_column et_pb_css_mix_blend_mode_passthrough et_flex_column_12_24 et_flex_column_12_24_tablet et_flex_column_24_24_phone\">\n<div class=\"et_pb_text_4 et_pb_text et_pb_bg_layout_light et_pb_module et_flex_module\"><div class=\"et_pb_text_inner\"><h1 class=\"font_8 wixui-rich-text__text\"><span class=\"wixui-rich-text__text\">Caracter\u00edsticas generales del sistema de lockers:<\/span><\/h1>\n<p class=\"font_8 wixui-rich-text__text\"><span class=\"wixui-rich-text__text\">\u200b<\/span><span class=\"wixui-rich-text__text\">&#x1f539;Piso fabricado en l\u00e1mina galvanizada calibre 20, resistente y duradero.<\/span><\/p>\n<p class=\"font_8 wixui-rich-text__text\"><span class=\"wixui-rich-text__text\">\u200b<\/span><span class=\"wixui-rich-text__text\">&#x1f539;Equipado con dos puertas abatibles con apertura de derecha a izquierda, para un acceso c\u00f3modo y seguro.<\/span><\/p>\n<p class=\"font_8 wixui-rich-text__text\"><span class=\"wixui-rich-text__text\">\u200b<\/span><span class=\"wixui-rich-text__text\">&#x1f539;Paneles corrugados en techo, laterales, puertas y parte posterior, elaborados en l\u00e1mina calibre 26, ideales para mayor rigidez y ventilaci\u00f3n.<\/span><\/p>\n<\/div><\/div>\n<\/div>\n<\/div>\n\n<div class=\"et_pb_row_12 et_pb_row et_grid_row\">\n<div class=\"et_pb_row_13 et_pb_row et_pb_row_nested et_flex_row\">\n<div class=\"et_pb_column_14 et_pb_column et-last-child et_flex_column et_pb_css_mix_blend_mode_passthrough et_flex_column_24_24 et_flex_column_24_24_tablet et_flex_column_24_24_phone\">\n<div class=\"et_pb_divider_2 et_pb_divider_hidden et_pb_space et_pb_divider_position_top et_pb_module\"><div class=\"et_pb_divider_internal\"><\/div><\/div>\n\n<div class=\"et_pb_image_2 et_pb_image et_pb_module et_flex_module\"><span class=\"et_pb_image_wrap\"><img loading=\"lazy\" loading=\"lazy\" decoding=\"async\" src=\"https:\/\/intrajanus.com.mx\/Intjanus\/wp-content\/uploads\/render_minibodega2.png\" alt=\"render minibodega\" title=\"render_minibodega\" width=\"1788\" height=\"438\" srcset=\"https:\/\/intrajanus.com.mx\/Intjanus\/wp-content\/uploads\/render_minibodega2.png 1788w, https:\/\/intrajanus.com.mx\/Intjanus\/wp-content\/uploads\/render_minibodega2-1280x314.png 1280w, https:\/\/intrajanus.com.mx\/Intjanus\/wp-content\/uploads\/render_minibodega2-980x240.png 980w, https:\/\/intrajanus.com.mx\/Intjanus\/wp-content\/uploads\/render_minibodega2-480x118.png 480w\" sizes=\"(min-width: 0px) and (max-width: 480px) 480px, (min-width: 481px) and (max-width: 980px) 980px, (min-width: 981px) and (max-width: 1280px) 1280px, (min-width: 1281px) 1788px, 100vw\" class=\"wp-image-3411\" \/><\/span><\/div>\n<\/div>\n<\/div>\n<\/div>\n\n<div class=\"et_pb_row_14 et_pb_row et_flex_row\">\n<div class=\"et_pb_column_15 et_pb_column et-last-child et_flex_column et_pb_css_mix_blend_mode_passthrough et_flex_column_24_24 et_flex_column_24_24_tablet et_flex_column_24_24_phone\">\n<div class=\"et_pb_divider_3 et_pb_divider_hidden et_pb_space et_pb_divider_position_top et_pb_module\"><div class=\"et_pb_divider_internal\"><\/div><\/div>\n<\/div>\n<\/div>\n\n<div class=\"et_pb_row_15 et_pb_row et_flex_row\">\n<div class=\"et_pb_column_16 et_pb_column et_flex_column et_pb_css_mix_blend_mode_passthrough et_flex_column_12_24 et_flex_column_12_24_tablet et_flex_column_24_24_phone\">\n<div class=\"et_pb_text_5 et_pb_text et_pb_bg_layout_light et_pb_module et_flex_module\"><div class=\"et_pb_text_inner\"><div id=\"comp-mamvrrxk\" class=\"ku3DBC zQ9jDz qvSjx3 Vq6kJx comp-mamvrrxk wixui-rich-text\" data-testid=\"richTextElement\">\n<h2 class=\"font_8 wixui-rich-text__text\"><strong><span class=\"wixui-rich-text__text\">Dimensiones exteriores total de lockers:<\/span><\/strong><\/h2>\n<p class=\"font_8 wixui-rich-text__text\"><span class=\"wixui-rich-text__text\">\u200b<\/span><\/p>\n<p class=\"font_8 wixui-rich-text__text\"><span class=\"wixui-rich-text__text\"><strong>Ancho:<\/strong><span>\u00a0<\/span>1.2 metros.<\/span><\/p>\n<p class=\"font_8 wixui-rich-text__text\"><span class=\"wixui-rich-text__text\"><strong>Altura:<\/strong><span>\u00a0<\/span>2.4 metros.<\/span><\/p>\n<p class=\"font_8 wixui-rich-text__text\"><span class=\"wixui-rich-text__text\"><strong>Profundidad:<\/strong><span>\u00a0<\/span>1.5 metros.<\/span><\/p>\n<\/div>\n<div id=\"comp-mamvs32o\" class=\"ku3DBC zQ9jDz qvSjx3 Vq6kJx comp-mamvs32o wixui-rich-text\" data-testid=\"richTextElement\">\n<p class=\"font_8 wixui-rich-text__text\"><span class=\"wixui-rich-text__text\"><strong>Capacidad por locker:<\/strong><span>\u00a0<\/span>1.7 m3.<\/span><\/p>\n<p class=\"font_8 wixui-rich-text__text\"><span class=\"wixui-rich-text__text\"><strong>\u00c1rea de terreno de double lockers:\u00a0<\/strong>1.8 m2<\/span><\/p>\n<\/div>\n<\/div><\/div>\n<\/div>\n\n<div class=\"et_pb_column_17 et_pb_column et-last-child et_flex_column et_pb_css_mix_blend_mode_passthrough et_flex_column_12_24 et_flex_column_12_24_tablet et_flex_column_24_24_phone\">\n<div class=\"et_pb_image_3 et_pb_image et_pb_module et_flex_module\"><span class=\"et_pb_image_wrap\"><img loading=\"lazy\" loading=\"lazy\" decoding=\"async\" src=\"https:\/\/intrajanus.com.mx\/Intjanus\/wp-content\/uploads\/locker_amarillos.avif\" alt=\"LOCKERS\" title=\"locker_amarillos\" width=\"504\" height=\"332\" srcset=\"https:\/\/intrajanus.com.mx\/Intjanus\/wp-content\/uploads\/locker_amarillos.avif 504w, https:\/\/intrajanus.com.mx\/Intjanus\/wp-content\/uploads\/locker_amarillos-300x198.avif 300w, https:\/\/intrajanus.com.mx\/Intjanus\/wp-content\/uploads\/locker_amarillos-480x316.avif 480w\" sizes=\"(max-width: 504px) 100vw, 504px\" class=\"wp-image-3412\" \/><\/span><\/div>\n<\/div>\n<\/div>\n<\/div>","protected":false},"excerpt":{"rendered":"","protected":false},"author":1,"featured_media":0,"parent":0,"menu_order":0,"comment_status":"closed","ping_status":"closed","template":"","meta":{"_joinchat":[],"footnotes":""},"class_list":["post-3394","page","type-page","status-publish","hentry"],"_links":{"self":[{"href":"https:\/\/intrajanus.com.mx\/Intjanus\/index.php\/wp-json\/wp\/v2\/pages\/3394","targetHints":{"allow":["GET"]}}],"collection":[{"href":"https:\/\/intrajanus.com.mx\/Intjanus\/index.php\/wp-json\/wp\/v2\/pages"}],"about":[{"href":"https:\/\/intrajanus.com.mx\/Intjanus\/index.php\/wp-json\/wp\/v2\/types\/page"}],"author":[{"embeddable":true,"href":"https:\/\/intrajanus.com.mx\/Intjanus\/index.php\/wp-json\/wp\/v2\/users\/1"}],"replies":[{"embeddable":true,"href":"https:\/\/intrajanus.com.mx\/Intjanus\/index.php\/wp-json\/wp\/v2\/comments?post=3394"}],"version-history":[{"count":39,"href":"https:\/\/intrajanus.com.mx\/Intjanus\/index.php\/wp-json\/wp\/v2\/pages\/3394\/revisions"}],"predecessor-version":[{"id":3450,"href":"https:\/\/intrajanus.com.mx\/Intjanus\/index.php\/wp-json\/wp\/v2\/pages\/3394\/revisions\/3450"}],"wp:attachment":[{"href":"https:\/\/intrajanus.com.mx\/Intjanus\/index.php\/wp-json\/wp\/v2\/media?parent=3394"}],"curies":[{"name":"wp","href":"https:\/\/api.w.org\/{rel}","templated":true}]}}