{"id":3180,"date":"2026-03-02T09:35:09","date_gmt":"2026-03-02T15:35:09","guid":{"rendered":"https:\/\/intrajanus.com.mx\/Intjanus\/?page_id=3180"},"modified":"2026-03-02T17:05:56","modified_gmt":"2026-03-02T23:05:56","slug":"comercial","status":"publish","type":"page","link":"https:\/\/intrajanus.com.mx\/Intjanus\/index.php\/comercial\/","title":{"rendered":"Comercial"},"content":{"rendered":"<div class=\"et_pb_section_0 et_pb_section et_section_regular et_block_section et_pb_section_parallax\"><span class=\"et-pb-parallax-wrapper\"><span class=\"et-pb-parallax-background et-pb-parallax-background-module--divi-section-0\" style=\"background-image:url(https:\/\/intrajanus.com.mx\/Intjanus\/wp-content\/uploads\/fondo_comercial.avif)\"><\/span><\/span>\n<div class=\"et_pb_row_0 et_pb_row et_block_row\">\n<div class=\"et_pb_column_0 et_pb_column et_pb_column_1_2 et_block_column et_pb_css_mix_blend_mode_passthrough\">\n<div class=\"et_pb_text_0 et_pb_text et_pb_bg_layout_light et_pb_module et_block_module\"><div class=\"et_pb_text_inner\"><div id=\"comp-m8xgi8cm5\" class=\"Z_l5lU ku3DBC zQ9jDz qvSjx3 Vq6kJx comp-m8xgi8cm5 wixui-rich-text\" data-testid=\"richTextElement\">\n<div id=\"comp-m8xgj7fy1\" class=\"ku3DBC zQ9jDz qvSjx3 Vq6kJx comp-m8xgj7fy1 wixui-rich-text\" data-testid=\"richTextElement\">\n<h1 class=\"font_0 wixui-rich-text__text\" style=\"padding-left: 80px;\"><span class=\"wixui-rich-text__text\">Cortinas Met\u00e1licas Enrollables para Comercios y Andenes: Seguridad y Eficiencia para tu Negocio<\/span><\/h1>\n<\/div>\n<div id=\"comp-m8xgj7fz1\" class=\"ku3DBC zQ9jDz qvSjx3 Vq6kJx comp-m8xgj7fz1 wixui-rich-text\" data-testid=\"richTextElement\" style=\"padding-left: 80px;\">\n<p class=\"font_8 wixui-rich-text__text\" style=\"padding-left: 80px;\"><span class=\"wixui-rich-text__text\">Nuestras cortinas met\u00e1licas enrollables est\u00e1n dise\u00f1adas para brindar m\u00e1xima protecci\u00f3n, resistencia y funcionalidad en entornos comerciales e industriales. Ideales para locales, bodegas, naves industriales y andenes de carga, garantizan un acceso seguro y eficiente.<\/span><\/p>\n<p class=\"font_8 wixui-rich-text__text\" style=\"padding-left: 80px;\"><span class=\"wixui-rich-text__text\">&#x2705; Alta resistencia y durabilidad ante impactos y condiciones clim\u00e1ticas.<\/span><\/p>\n<p class=\"font_8 wixui-rich-text__text\" style=\"padding-left: 80px;\"><span class=\"wixui-rich-text__text\">&#x2705; Sistemas manuales o automatizados para mayor comodidad.<\/span><\/p>\n<p class=\"font_8 wixui-rich-text__text\" style=\"padding-left: 80px;\"><span class=\"wixui-rich-text__text\">&#x2705; Dise\u00f1o adaptable a diferentes dimensiones y necesidades.<\/span><\/p>\n<p class=\"font_8 wixui-rich-text__text\" style=\"padding-left: 80px;\"><span class=\"wixui-rich-text__text\">&#x2705; \u00d3ptimo control de acceso y seguridad contra robos e intrusiones.<\/span><\/p>\n<p class=\"font_8 wixui-rich-text__text\" style=\"padding-left: 80px;\"><span class=\"wixui-rich-text__text\">&#x2705; Excelente desempe\u00f1o en entornos de alto tr\u00e1fico.<\/span><\/p>\n<p class=\"font_8 wixui-rich-text__text\" style=\"padding-left: 80px;\"><span class=\"wixui-rich-text__text\">La mejor soluci\u00f3n para proteger y optimizar tu negocio.<\/span><\/p>\n<\/div>\n<\/div>\n<\/div><\/div>\n<\/div>\n\n<div class=\"et_pb_column_1 et_pb_column et_pb_column_1_2 et-last-child et_block_column et_pb_css_mix_blend_mode_passthrough\">\n<div class=\"et_pb_text_1 et_pb_text et_pb_bg_layout_light et_pb_module et_block_module\"><div class=\"et_pb_text_inner\"><p style=\"padding-left: 240px;\"><img decoding=\"async\" src=\"https:\/\/intrajanus.com.mx\/Intjanus\/wp-content\/uploads\/mod_2000_2500.avif\" width=\"122\" height=\"103\" alt=\"\" class=\"wp-image-3182 alignnone size-full\" \/><\/p>\n<\/div><\/div>\n<\/div>\n<\/div>\n\n<div class=\"et_pb_row_1 et_pb_row et_flex_row\">\n<div class=\"et_pb_column_2 et_pb_column et-last-child et_flex_column et_pb_css_mix_blend_mode_passthrough et_flex_column_24_24 et_flex_column_24_24_tablet et_flex_column_24_24_phone\">\n<div class=\"et_pb_text_2 et_pb_text et_pb_bg_layout_light et_pb_module et_flex_module\"><div class=\"et_pb_text_inner\" data-et-mv-hidden-phone=\"true\"><p>Tu contenido va aqu\u00ed. Edita o elimina este texto en l\u00ednea o en la configuraci\u00f3n de Contenido del m\u00f3dulo. Tambi\u00e9n puedes dar estilo a cada aspecto de este contenido en la configuraci\u00f3n de Dise\u00f1o del m\u00f3dulo e incluso aplicar CSS personalizado a este texto en la configuraci\u00f3n Avanzada del m\u00f3dulo.<\/p>\n<\/div><\/div>\n<\/div>\n<\/div>\n<\/div>\n\n<div class=\"et_pb_section_1 et_pb_section et_section_regular et_block_section\">\n<div class=\"et_pb_row_2 et_pb_row et_flex_row\">\n<div class=\"et_pb_column_3 et_pb_column et_block_column et_pb_css_mix_blend_mode_passthrough et_flex_column_12_24 et_flex_column_12_24_tablet et_flex_column_24_24_phone\">\n<div class=\"et_pb_image_0 et_pb_image et_pb_module et_block_module\"><span class=\"et_pb_image_wrap\"><img fetchpriority=\"high\" fetchpriority=\"high\" decoding=\"async\" src=\"https:\/\/intrajanus.com.mx\/Intjanus\/wp-content\/uploads\/mod_2000.avif\" title=\"mod_2000\" width=\"692\" height=\"691\" srcset=\"https:\/\/intrajanus.com.mx\/Intjanus\/wp-content\/uploads\/mod_2000.avif 692w, https:\/\/intrajanus.com.mx\/Intjanus\/wp-content\/uploads\/mod_2000-300x300.avif 300w, https:\/\/intrajanus.com.mx\/Intjanus\/wp-content\/uploads\/mod_2000-150x150.avif 150w, https:\/\/intrajanus.com.mx\/Intjanus\/wp-content\/uploads\/mod_2000-480x479.avif 480w\" sizes=\"(max-width: 692px) 100vw, 692px\" class=\"wp-image-3184\" alt=\"Modelo 650\" \/><\/span><\/div>\n\n<div class=\"et_pb_row_3 et_pb_row et_pb_row_nested et_flex_row\">\n<div class=\"et_pb_column_4 et_pb_column et-last-child et_block_column et_pb_css_mix_blend_mode_passthrough et_flex_column_8_24 et_flex_column_8_24_tablet et_flex_column_24_24_phone\">\n<div class=\"et_pb_module et_pb_button_module_wrapper et_pb_button_0_wrapper\"><a class=\"et_pb_button_0 et_pb_button et_pb_bg_layout_light et_pb_module et_block_module\" href=\"\">COTIZACI\u00d3N<\/a><\/div>\n\n<div class=\"et_pb_module et_pb_button_module_wrapper et_pb_button_1_wrapper\"><a class=\"et_pb_button_1 et_pb_button et_pb_bg_layout_light et_pb_module et_block_module\" href=\"\" target=\"_blank\">FICHA T\u00c9CNICA<\/a><\/div>\n<\/div>\n<\/div>\n<\/div>\n\n<div class=\"et_pb_column_5 et_pb_column et-last-child et_block_column et_pb_css_mix_blend_mode_passthrough et_flex_column_12_24 et_flex_column_12_24_tablet et_flex_column_24_24_phone\">\n<div class=\"et_pb_text_3 et_pb_text et_pb_bg_layout_light et_pb_module et_block_module\"><div class=\"et_pb_text_inner\"><div id=\"comp-mah3t0f1\" class=\"Z_l5lU ku3DBC zQ9jDz qvSjx3 Vq6kJx comp-mah3t0f1 wixui-rich-text\" data-testid=\"richTextElement\">\n<div id=\"comp-malae4fr\" class=\"ku3DBC zQ9jDz qvSjx3 Vq6kJx comp-malae4fr wixui-rich-text\" data-testid=\"richTextElement\">\n<h2 class=\"font_8 wixui-rich-text__text\"><span style=\"color: #000000; font-family: Montserrat; font-weight: normal;\"><strong><span class=\"wixui-rich-text__text\">Modelo 2000<\/span><\/strong><\/span><strong><span class=\"wixui-rich-text__text\" style=\"font-family: Montserrat;\"><\/span><\/strong><\/h2>\n<\/div>\n<div id=\"comp-malaeefk\" class=\"ku3DBC zQ9jDz qvSjx3 Vq6kJx comp-malaeefk wixui-rich-text\" data-testid=\"richTextElement\">\n<p class=\"font_8 wixui-rich-text__text\"><span style=\"font-family: 'Open Sans'; font-weight: normal;\"><strong><span class=\"wixui-rich-text__text\">Caracteristicas:<\/span><\/strong><\/span><\/p>\n<p class=\"font_8 wixui-rich-text__text\"><span class=\"wixui-rich-text__text\" style=\"font-family: 'Open Sans'; font-weight: normal;\">El mecanismo de cadena\/motor puedecolocarse en ambos lados de la cortina.<\/span><\/p>\n<p class=\"font_8 wixui-rich-text__text\"><span class=\"wixui-rich-text__text\" style=\"font-family: 'Open Sans'; font-weight: normal;\">Gu\u00edas de fijaci\u00f3n de 6.5 cm ancho.<\/span><\/p>\n<p class=\"font_8 wixui-rich-text__text\"><span class=\"wixui-rich-text__text\" style=\"font-family: 'Open Sans'; font-weight: normal;\">Barril de 12\u201d.<\/span><\/p>\n<p class=\"font_8 wixui-rich-text__text\"><span style=\"color: #000000;\"><strong><span class=\"wixui-rich-text__text\" style=\"font-family: 'Open Sans';\">Ancho m\u00ednimo de fabricaci\u00f3n:<\/span><\/strong><\/span><\/p>\n<p class=\"font_8 wixui-rich-text__text\"><span class=\"wixui-rich-text__text\" style=\"font-family: 'Open Sans'; font-weight: normal; color: #000000;\">19\u201d = 50 cm.<\/span><\/p>\n<p class=\"font_8 wixui-rich-text__text\"><span class=\"wixui-rich-text__text\" style=\"font-family: 'Open Sans'; font-weight: normal; color: #000000;\">Dimensiones m\u00e1ximas:<\/span><\/p>\n<p class=\"font_8 wixui-rich-text__text\"><span class=\"wixui-rich-text__text\" style=\"font-family: 'Open Sans'; font-weight: normal; color: #000000;\">12' ft ancho x 16\u2019 ft alto= 3.66 m x 4.87 m.<\/span><\/p>\n<p class=\"font_8 wixui-rich-text__text\"><span style=\"font-family: 'Open Sans'; font-weight: normal;\"><strong><span class=\"wixui-rich-text__text\">Mecanismos disponibles:<\/span><\/strong><\/span><\/p>\n<p class=\"font_8 wixui-rich-text__text\"><span class=\"wixui-rich-text__text\" style=\"font-family: 'Open Sans'; font-weight: normal;\">Cadena.<\/span><\/p>\n<p class=\"font_8 wixui-rich-text__text\"><span class=\"wixui-rich-text__text\" style=\"font-family: 'Open Sans'; font-weight: normal;\">Motor.<\/span><\/p>\n<p class=\"font_8 wixui-rich-text__text\"><strong><span class=\"wixui-rich-text__text\" style=\"font-family: 'Open Sans';\">Aplicaciones:<\/span><\/strong><\/p>\n<p class=\"font_8 wixui-rich-text__text\"><span class=\"wixui-rich-text__text\" style=\"font-family: 'Open Sans'; font-weight: normal;\">Andenes de carga y descarga.<\/span><\/p>\n<p class=\"font_8 wixui-rich-text__text\"><span class=\"wixui-rich-text__text\" style=\"font-family: 'Open Sans'; font-weight: normal;\">Aperturas medianas.<\/span><\/p>\n<\/div>\n<\/div>\n<\/div><\/div>\n<\/div>\n<\/div>\n\n<div class=\"et_pb_row_4 et_pb_row et_flex_row\">\n<div class=\"et_pb_column_6 et_pb_column et_block_column et_pb_css_mix_blend_mode_passthrough et_flex_column_8_24 et_flex_column_8_24_tablet et_flex_column_24_24_phone\">\n<div class=\"et_pb_module et_pb_button_module_wrapper et_pb_button_2_wrapper\"><a class=\"et_pb_button_2 et_pb_button et_pb_bg_layout_light et_pb_module et_block_module\" href=\"\">COTIZACI\u00d3N<\/a><\/div>\n<\/div>\n\n<div class=\"et_pb_column_7 et_pb_column et-last-child et_block_column et_pb_css_mix_blend_mode_passthrough et_flex_column_8_24 et_flex_column_8_24_tablet et_flex_column_24_24_phone\">\n<div class=\"et_pb_module et_pb_button_module_wrapper et_pb_button_3_wrapper\"><a class=\"et_pb_button_3 et_pb_button et_pb_bg_layout_light et_pb_module et_block_module\" href=\"\" target=\"_blank\">FICHA T\u00c9CNICA<\/a><\/div>\n<\/div>\n<\/div>\n\n<div class=\"et_pb_row_5 et_pb_row et_block_row\">\n<div class=\"et_pb_column_8 et_pb_column et_pb_column_1_2 et_block_column et_pb_css_mix_blend_mode_passthrough\">\n<div class=\"et_pb_text_4 et_pb_text et_pb_bg_layout_light et_pb_module et_block_module\"><div class=\"et_pb_text_inner\"><div id=\"comp-mah3t0f1\" class=\"Z_l5lU ku3DBC zQ9jDz qvSjx3 Vq6kJx comp-mah3t0f1 wixui-rich-text\" data-testid=\"richTextElement\">\n<div id=\"comp-mah3xqoo\" class=\"Z_l5lU ku3DBC zQ9jDz qvSjx3 Vq6kJx comp-mah3xqoo wixui-rich-text\" data-testid=\"richTextElement\">\n<div id=\"comp-malaiz45\" class=\"ku3DBC zQ9jDz qvSjx3 Vq6kJx comp-malaiz45 wixui-rich-text\" data-testid=\"richTextElement\">\n<h2 class=\"font_8 wixui-rich-text__text\"><span style=\"font-family: Montserrat; font-weight: normal;\"><strong><span class=\"wixui-rich-text__text\">Modelo 2500<\/span><\/strong><\/span><\/h2>\n<\/div>\n<div id=\"comp-malajq0j\" class=\"ku3DBC zQ9jDz qvSjx3 Vq6kJx comp-malajq0j wixui-rich-text\" data-testid=\"richTextElement\">\n<p class=\"font_8 wixui-rich-text__text\"><span style=\"font-family: 'Open Sans'; font-weight: normal;\"><strong><span class=\"wixui-rich-text__text\">Caracteristicas:<\/span><\/strong><\/span><\/p>\n<p class=\"font_8 wixui-rich-text__text\"><span class=\"wixui-rich-text__text\" style=\"font-family: 'Open Sans'; font-weight: normal;\">El mecanismo de cadena\/motor puedecolocarse en ambos lados de la cortina.<\/span><\/p>\n<p class=\"font_8 wixui-rich-text__text\"><span class=\"wixui-rich-text__text\" style=\"font-family: 'Open Sans'; font-weight: normal;\">Gu\u00edas de fijaci\u00f3n de 10 cm ancho.<\/span><\/p>\n<p class=\"font_8 wixui-rich-text__text\"><span class=\"wixui-rich-text__text\" style=\"font-family: 'Open Sans'; font-weight: normal;\">Barril de 12\u201d.<\/span><\/p>\n<p class=\"font_8 wixui-rich-text__text\"><span style=\"font-family: 'Open Sans'; font-weight: normal;\"><strong><span class=\"wixui-rich-text__text\">Ancho m\u00ednimo de fabricaci\u00f3n:<\/span><\/strong><\/span><\/p>\n<p class=\"font_8 wixui-rich-text__text\"><span class=\"wixui-rich-text__text\" style=\"font-family: 'Open Sans'; font-weight: normal;\">19\u201d = 50 cm.<\/span><\/p>\n<p class=\"font_8 wixui-rich-text__text\"><span style=\"font-family: 'Open Sans'; font-weight: normal;\"><strong><span class=\"wixui-rich-text__text\">Dimensiones maximas:<\/span><\/strong><\/span><\/p>\n<p class=\"font_8 wixui-rich-text__text\"><span class=\"wixui-rich-text__text\" style=\"font-family: 'Open Sans'; font-weight: normal;\">18' ft ancho x 18\u2019 ft alto= 3.66 m x 4.87 m.<\/span><\/p>\n<p class=\"font_8 wixui-rich-text__text\"><span style=\"font-family: 'Open Sans'; font-weight: normal;\"><strong><span class=\"wixui-rich-text__text\">Mecanismos disponibles :<\/span><\/strong><\/span><\/p>\n<p class=\"font_8 wixui-rich-text__text\"><span class=\"wixui-rich-text__text\" style=\"font-family: 'Open Sans'; font-weight: normal;\">Cadena.<\/span><\/p>\n<p class=\"font_8 wixui-rich-text__text\"><span class=\"wixui-rich-text__text\" style=\"font-family: 'Open Sans'; font-weight: normal;\">Motor.<\/span><\/p>\n<p class=\"font_8 wixui-rich-text__text\"><span style=\"font-family: 'Open Sans'; font-weight: normal;\"><strong><span class=\"wixui-rich-text__text\">Aplicaciones:<\/span><\/strong><\/span><\/p>\n<p class=\"font_8 wixui-rich-text__text\"><span class=\"wixui-rich-text__text\" style=\"font-family: 'Open Sans'; font-weight: normal;\">Uso rudo.<\/span><\/p>\n<p class=\"font_8 wixui-rich-text__text\"><span class=\"wixui-rich-text__text\" style=\"font-family: 'Open Sans'; font-weight: normal;\">Aperturas grandes.<\/span><\/p>\n<\/div>\n<\/div>\n<\/div>\n<\/div><\/div>\n<\/div>\n\n<div class=\"et_pb_column_9 et_pb_column et_pb_column_1_2 et-last-child et_block_column et_pb_css_mix_blend_mode_passthrough\">\n<div class=\"et_pb_image_1 et_pb_image et_pb_module et_block_module\"><span class=\"et_pb_image_wrap\"><img decoding=\"async\" src=\"https:\/\/intrajanus.com.mx\/Intjanus\/wp-content\/uploads\/mod_2500.avif\" title=\"mod_2500\" width=\"691\" height=\"689\" srcset=\"https:\/\/intrajanus.com.mx\/Intjanus\/wp-content\/uploads\/mod_2500.avif 691w, https:\/\/intrajanus.com.mx\/Intjanus\/wp-content\/uploads\/mod_2500-300x300.avif 300w, https:\/\/intrajanus.com.mx\/Intjanus\/wp-content\/uploads\/mod_2500-150x150.avif 150w, https:\/\/intrajanus.com.mx\/Intjanus\/wp-content\/uploads\/mod_2500-480x479.avif 480w\" sizes=\"(max-width: 691px) 100vw, 691px\" class=\"wp-image-3188\" alt=\"modelo 1000\" \/><\/span><\/div>\n<\/div>\n<\/div>\n\n<div class=\"et_pb_row_6 et_pb_row et_pb_row_3-5_1-5_1-5 et_block_row et_block_row_3-5_1-5_1-5\">\n<div class=\"et_pb_column_10 et_pb_column et_pb_column_3_5 et_block_column et_pb_column_empty et_pb_css_mix_blend_mode_passthrough\"><\/div>\n\n<div class=\"et_pb_column_11 et_pb_column et_pb_column_1_5 et_block_column et_pb_css_mix_blend_mode_passthrough\">\n<div class=\"et_pb_module et_pb_button_module_wrapper et_pb_button_4_wrapper\"><a class=\"et_pb_button_4 et_pb_button et_pb_bg_layout_light et_pb_module et_block_module\" href=\"\">COTIZACI\u00d3N<\/a><\/div>\n<\/div>\n\n<div class=\"et_pb_column_12 et_pb_column et_pb_column_1_5 et-last-child et_block_column et_pb_css_mix_blend_mode_passthrough\">\n<div class=\"et_pb_module et_pb_button_module_wrapper et_pb_button_5_wrapper\"><a class=\"et_pb_button_5 et_pb_button et_pb_bg_layout_light et_pb_module et_block_module\" href=\"\" target=\"_blank\">FICHA T\u00c9CNICA<\/a><\/div>\n<\/div>\n<\/div>\n\n<div class=\"et_pb_row_7 et_pb_row et_flex_row\">\n<div class=\"et_pb_column_13 et_pb_column et-last-child et_block_column et_pb_css_mix_blend_mode_passthrough et_flex_column_8_24 et_flex_column_8_24_tablet et_flex_column_24_24_phone\">\n<div class=\"et_pb_module et_pb_button_module_wrapper et_pb_button_6_wrapper\"><a class=\"et_pb_button_6 et_pb_button et_pb_bg_layout_light et_pb_module et_block_module\" href=\"\">COTIZACI\u00d3N<\/a><\/div>\n\n<div class=\"et_pb_module et_pb_button_module_wrapper et_pb_button_7_wrapper\"><a class=\"et_pb_button_7 et_pb_button et_pb_bg_layout_light et_pb_module et_block_module\" href=\"\" target=\"_blank\">FICHA T\u00c9CNICA<\/a><\/div>\n<\/div>\n<\/div>\n\n<div class=\"et_pb_row_8 et_pb_row et_block_row\">\n<div class=\"et_pb_column_14 et_pb_column et_pb_column_4_4 et-last-child et_block_column et_pb_css_mix_blend_mode_passthrough\">\n<div class=\"et_pb_text_5 et_pb_text et_pb_bg_layout_light et_pb_module et_block_module\"><div class=\"et_pb_text_inner\"><h1 style=\"text-align: center;\"><strong>Accesorios Disponibles<\/strong><\/h1>\n<\/div><\/div>\n<\/div>\n<\/div>\n\n<div class=\"et_pb_row_9 et_pb_row et_block_row\">\n<div class=\"et_pb_column_15 et_pb_column et_pb_column_4_4 et-last-child et_block_column et_pb_css_mix_blend_mode_passthrough\">\n<div class=\"et_pb_text_6 et_pb_text et_pb_bg_layout_light et_pb_module et_block_module\"><div class=\"et_pb_text_inner\"><h1 style=\"text-align: center;\"><strong>Accesorios Disponibles<\/strong><\/h1>\n<\/div><\/div>\n<\/div>\n<\/div>\n\n<div class=\"et_pb_row_10 et_pb_row et_flex_row\">\n<div class=\"et_pb_column_16 et_pb_column et-last-child et_flex_column et_pb_css_mix_blend_mode_passthrough et_flex_column_24_24 et_flex_column_24_24_tablet et_flex_column_24_24_phone\">\n<div class=\"et_pb_image_2 et_pb_image et_pb_module et_flex_module\"><span class=\"et_pb_image_wrap\"><img loading=\"lazy\" loading=\"lazy\" decoding=\"async\" src=\"https:\/\/intrajanus.com.mx\/Intjanus\/wp-content\/uploads\/acc_comercial.png\" title=\"acc_comercial\" width=\"1417\" height=\"800\" srcset=\"https:\/\/intrajanus.com.mx\/Intjanus\/wp-content\/uploads\/acc_comercial.png 1417w, https:\/\/intrajanus.com.mx\/Intjanus\/wp-content\/uploads\/acc_comercial-1280x723.png 1280w, https:\/\/intrajanus.com.mx\/Intjanus\/wp-content\/uploads\/acc_comercial-980x553.png 980w, https:\/\/intrajanus.com.mx\/Intjanus\/wp-content\/uploads\/acc_comercial-480x271.png 480w\" sizes=\"(min-width: 0px) and (max-width: 480px) 480px, (min-width: 481px) and (max-width: 980px) 980px, (min-width: 981px) and (max-width: 1280px) 1280px, (min-width: 1281px) 1417px, 100vw\" class=\"wp-image-3206\" \/><\/span><\/div>\n<\/div>\n<\/div>\n\n<div class=\"et_pb_row_11 et_pb_row et_grid_row\">\n<div class=\"et_pb_column_17 et_pb_column et-last-child et_flex_column et_pb_css_mix_blend_mode_passthrough\">\n<div class=\"et_pb_heading_0 et_pb_heading et_pb_module et_flex_module\"><div class=\"et_pb_heading_container\"><h1 class=\"et_pb_module_header\">Opciones de mecanismos<\/h1><\/div>\n<div class=\"et_pb_image_3 et_pb_image et_pb_module et_flex_module\"><span class=\"et_pb_image_wrap\"><img loading=\"lazy\" loading=\"lazy\" decoding=\"async\" src=\"https:\/\/intrajanus.com.mx\/Intjanus\/wp-content\/uploads\/opciones_mecanismos.avif\" title=\"opciones_mecanismos\" width=\"1340\" height=\"600\" srcset=\"https:\/\/intrajanus.com.mx\/Intjanus\/wp-content\/uploads\/opciones_mecanismos.avif 1340w, https:\/\/intrajanus.com.mx\/Intjanus\/wp-content\/uploads\/opciones_mecanismos-300x134.avif 300w, https:\/\/intrajanus.com.mx\/Intjanus\/wp-content\/uploads\/opciones_mecanismos-1024x459.avif 1024w, https:\/\/intrajanus.com.mx\/Intjanus\/wp-content\/uploads\/opciones_mecanismos-768x344.avif 768w, https:\/\/intrajanus.com.mx\/Intjanus\/wp-content\/uploads\/opciones_mecanismos-1080x484.avif 1080w, https:\/\/intrajanus.com.mx\/Intjanus\/wp-content\/uploads\/opciones_mecanismos-1280x573.avif 1280w, https:\/\/intrajanus.com.mx\/Intjanus\/wp-content\/uploads\/opciones_mecanismos-980x439.avif 980w, https:\/\/intrajanus.com.mx\/Intjanus\/wp-content\/uploads\/opciones_mecanismos-480x215.avif 480w\" sizes=\"(max-width: 1340px) 100vw, 1340px\" class=\"wp-image-3147\" \/><\/span><\/div>\n<\/div>\n<\/div>\n<\/div>\n<\/div>","protected":false},"excerpt":{"rendered":"","protected":false},"author":1,"featured_media":0,"parent":0,"menu_order":0,"comment_status":"closed","ping_status":"closed","template":"","meta":{"_joinchat":[],"footnotes":""},"class_list":["post-3180","page","type-page","status-publish","hentry"],"_links":{"self":[{"href":"https:\/\/intrajanus.com.mx\/Intjanus\/index.php\/wp-json\/wp\/v2\/pages\/3180","targetHints":{"allow":["GET"]}}],"collection":[{"href":"https:\/\/intrajanus.com.mx\/Intjanus\/index.php\/wp-json\/wp\/v2\/pages"}],"about":[{"href":"https:\/\/intrajanus.com.mx\/Intjanus\/index.php\/wp-json\/wp\/v2\/types\/page"}],"author":[{"embeddable":true,"href":"https:\/\/intrajanus.com.mx\/Intjanus\/index.php\/wp-json\/wp\/v2\/users\/1"}],"replies":[{"embeddable":true,"href":"https:\/\/intrajanus.com.mx\/Intjanus\/index.php\/wp-json\/wp\/v2\/comments?post=3180"}],"version-history":[{"count":19,"href":"https:\/\/intrajanus.com.mx\/Intjanus\/index.php\/wp-json\/wp\/v2\/pages\/3180\/revisions"}],"predecessor-version":[{"id":3258,"href":"https:\/\/intrajanus.com.mx\/Intjanus\/index.php\/wp-json\/wp\/v2\/pages\/3180\/revisions\/3258"}],"wp:attachment":[{"href":"https:\/\/intrajanus.com.mx\/Intjanus\/index.php\/wp-json\/wp\/v2\/media?parent=3180"}],"curies":[{"name":"wp","href":"https:\/\/api.w.org\/{rel}","templated":true}]}}