{"id":3081,"date":"2026-02-16T16:13:51","date_gmt":"2026-02-16T22:13:51","guid":{"rendered":"https:\/\/intrajanus.com.mx\/Intjanus\/?page_id=3081"},"modified":"2026-03-02T15:08:42","modified_gmt":"2026-03-02T21:08:42","slug":"residencial","status":"publish","type":"page","link":"https:\/\/intrajanus.com.mx\/Intjanus\/index.php\/residencial\/","title":{"rendered":"Residencial"},"content":{"rendered":"<div class=\"et_pb_section_0 et_pb_section et_section_regular et_block_section et_pb_section_parallax\"><span class=\"et-pb-parallax-wrapper\"><span class=\"et-pb-parallax-background et-pb-parallax-background-module--divi-section-0\" style=\"background-image:url(https:\/\/intrajanus.com.mx\/Intjanus\/wp-content\/uploads\/fondo_residencial.avif)\"><\/span><\/span>\n<div class=\"et_pb_row_0 et_pb_row et_block_row\">\n<div class=\"et_pb_column_0 et_pb_column et_pb_column_1_2 et_block_column et_pb_css_mix_blend_mode_passthrough\">\n<div class=\"et_pb_text_0 et_pb_text et_pb_bg_layout_light et_pb_module et_block_module\"><div class=\"et_pb_text_inner\" data-et-mv-hidden-phone=\"true\"><div id=\"comp-m8xgi8cm5\" class=\"Z_l5lU ku3DBC zQ9jDz qvSjx3 Vq6kJx comp-m8xgi8cm5 wixui-rich-text\" data-testid=\"richTextElement\">\n<h1 class=\"font_0 wixui-rich-text__text\" style=\"padding-left: 120px;\"><span class=\"wixui-rich-text__text\">C<span style=\"color: #ffffff;\">ortinas <strong>Met\u00e1licas<\/strong> Enrollables para Uso Residencial: Seguridad y Estilo<\/span><\/span><\/h1>\n<\/div>\n<div id=\"comp-m8xgi8cq1\" class=\"Z_l5lU ku3DBC zQ9jDz qvSjx3 Vq6kJx comp-m8xgi8cq1 wixui-rich-text\" data-testid=\"richTextElement\">\n<p class=\"font_8 wixui-rich-text__text\" style=\"padding-left: 120px;\"><span class=\"wixui-rich-text__text\">Nuestras cortinas met\u00e1licas enrollables est\u00e1n dise\u00f1adas para brindar protecci\u00f3n y est\u00e9tica a espacios residenciales. Fabricadas con materiales de alta resistencia, ofrecen seguridad contra robos, control de luz y privacidad, sin comprometer el dise\u00f1o de tu espacio.<\/span><\/p>\n<p class=\"font_8 wixui-rich-text__text\" style=\"padding-left: 120px;\"><span class=\"wixui-rich-text__text\">&#x2705; F\u00e1cil instalaci\u00f3n y operaci\u00f3n manual o autom\u00e1tica.<\/span><\/p>\n<p class=\"font_8 wixui-rich-text__text\" style=\"padding-left: 120px;\"><span class=\"wixui-rich-text__text\">&#x2705; Dise\u00f1o limpio y personalizable en colores.<\/span><\/p>\n<p class=\"font_8 wixui-rich-text__text\" style=\"padding-left: 120px;\"><span class=\"wixui-rich-text__text\">&#x2705; Bajo mantenimiento y gran durabilidad ante la intemperie.<\/span><\/p>\n<p class=\"font_8 wixui-rich-text__text\" style=\"padding-left: 120px;\"><span class=\"wixui-rich-text__text\">Protege tu hogar con la mejor tecnolog\u00eda en cortinas met\u00e1licas.<\/span><\/p>\n<\/div>\n<\/div><\/div>\n<\/div>\n\n<div class=\"et_pb_column_1 et_pb_column et_pb_column_1_2 et-last-child et_block_column et_pb_css_mix_blend_mode_passthrough\">\n<div class=\"et_pb_text_1 et_pb_text et_pb_bg_layout_light et_pb_module et_block_module\"><div class=\"et_pb_text_inner\"><p style=\"padding-left: 240px;\"><img decoding=\"async\" src=\"https:\/\/intrajanus.com.mx\/Intjanus\/wp-content\/uploads\/mod_650_1000.avif\" width=\"134\" height=\"110\" alt=\"modelos 650 y 1000\" class=\"wp-image-3083 alignnone size-full\" style=\"display: block; margin-left: auto; margin-right: auto;\" \/><\/p>\n<\/div><\/div>\n<\/div>\n<\/div>\n\n<div class=\"et_pb_row_1 et_pb_row et_flex_row\">\n<div class=\"et_pb_column_2 et_pb_column et-last-child et_flex_column et_pb_css_mix_blend_mode_passthrough et_flex_column_24_24 et_flex_column_24_24_tablet et_flex_column_24_24_phone\">\n<div class=\"et_pb_text_2 et_pb_text et_pb_bg_layout_light et_pb_module et_flex_module\"><div class=\"et_pb_text_inner\" data-et-mv-hidden-phone=\"true\"><p>Tu contenido va aqu\u00ed. Edita o elimina este texto en l\u00ednea o en la configuraci\u00f3n de Contenido del m\u00f3dulo. Tambi\u00e9n puedes dar estilo a cada aspecto de este contenido en la configuraci\u00f3n de Dise\u00f1o del m\u00f3dulo e incluso aplicar CSS personalizado a este texto en la configuraci\u00f3n Avanzada del m\u00f3dulo.<\/p>\n<\/div><\/div>\n<\/div>\n<\/div>\n<\/div>\n\n<div class=\"et_pb_section_1 et_pb_section et_section_regular et_block_section\">\n<div class=\"et_pb_row_2 et_pb_row et_block_row\">\n<div class=\"et_pb_column_3 et_pb_column et_pb_column_1_2 et_block_column et_pb_css_mix_blend_mode_passthrough\">\n<div class=\"et_pb_image_0 et_pb_image et_pb_module et_block_module\"><span class=\"et_pb_image_wrap\"><img fetchpriority=\"high\" fetchpriority=\"high\" decoding=\"async\" src=\"https:\/\/intrajanus.com.mx\/Intjanus\/wp-content\/uploads\/mod_650_1.avif\" width=\"692\" height=\"692\" srcset=\"https:\/\/intrajanus.com.mx\/Intjanus\/wp-content\/uploads\/mod_650_1.avif 692w\" sizes=\"(max-width: 692px) 100vw, 692px\" class=\"wp-image-3086\" title=\"mod_650_1\" alt=\"Modelo 650\" \/><\/span><\/div>\n<\/div>\n\n<div class=\"et_pb_column_4 et_pb_column et_pb_column_1_2 et-last-child et_block_column et_pb_css_mix_blend_mode_passthrough\">\n<div class=\"et_pb_text_3 et_pb_text et_pb_bg_layout_light et_pb_module et_block_module\"><div class=\"et_pb_text_inner\"><div id=\"comp-mah3t0f1\" class=\"Z_l5lU ku3DBC zQ9jDz qvSjx3 Vq6kJx comp-mah3t0f1 wixui-rich-text\" data-testid=\"richTextElement\">\n<h2 class=\"font_2 wixui-rich-text__text\"><span style=\"font-family: 'Open Sans'; font-weight: normal; color: #000000;\"><strong><span class=\"wixui-rich-text__text\"><span class=\"color_15 wixui-rich-text__text\">Modelo 650<\/span><\/span><\/strong><\/span><\/h2>\n<p><span class=\"wixui-rich-text__text\"><span class=\"color_15 wixui-rich-text__text\"><\/span><\/span><\/p>\n<\/div>\n<div id=\"comp-mah3tamy\" class=\"Z_l5lU ku3DBC zQ9jDz qvSjx3 Vq6kJx comp-mah3tamy wixui-rich-text\" data-testid=\"richTextElement\">\n<p class=\"font_8 wixui-rich-text__text\"><strong><span class=\"wixui-rich-text__text\">Caracter\u00edsticas:<\/span><\/strong><\/p>\n<p class=\"font_8 wixui-rich-text__text\"><em><span class=\"wixui-rich-text__text\">Gu\u00edas de fijaci\u00f3n de 4 cm ancho.<\/span><\/em><\/p>\n<p class=\"font_8 wixui-rich-text__text\"><em><span class=\"wixui-rich-text__text\">Barril de 9-1\/2\u201d.<\/span><\/em><\/p>\n<p class=\"font_8 wixui-rich-text__text\"><em><span class=\"wixui-rich-text__text\">Ancho m\u00ednimo de fabricaci\u00f3n:<\/span><\/em><\/p>\n<p class=\"font_8 wixui-rich-text__text\"><em><span class=\"wixui-rich-text__text\">19\u201d = 50 cm.<\/span><\/em><\/p>\n<p class=\"font_8 wixui-rich-text__text\"><strong><span class=\"wixui-rich-text__text\">Dimensiones m\u00e1ximas:<\/span><\/strong><\/p>\n<p class=\"font_8 wixui-rich-text__text\"><em><span class=\"wixui-rich-text__text\">10' ft ancho x 10\u2019 ft alto= 3.05 m x 3.05 m.<\/span><\/em><\/p>\n<p class=\"font_8 wixui-rich-text__text\"><strong><span class=\"wixui-rich-text__text\">Mecanismos disponibles:<\/span><\/strong><\/p>\n<p class=\"font_8 wixui-rich-text__text\"><em><span class=\"wixui-rich-text__text\">Impulso.<\/span><\/em><\/p>\n<p class=\"font_8 wixui-rich-text__text\"><em><span class=\"wixui-rich-text__text\">Motor.<\/span><\/em><\/p>\n<p class=\"font_8 wixui-rich-text__text\"><strong><span class=\"wixui-rich-text__text\">Aplicaciones:<\/span><\/strong><\/p>\n<p class=\"font_8 wixui-rich-text__text\"><em><span class=\"wixui-rich-text__text\">Bodegas de autoalmacenaje.<\/span><\/em><\/p>\n<p class=\"font_8 wixui-rich-text__text\"><em><span class=\"wixui-rich-text__text\">Instalaciones de aperturas peque\u00f1as.<\/span><\/em><\/p>\n<\/div>\n<\/div><\/div>\n<\/div>\n<\/div>\n\n<div class=\"et_pb_row_3 et_pb_row et_pb_row_1-4_1-4_1-2 et_block_row et_block_row_1-4_1-4_1-2\">\n<div class=\"et_pb_column_5 et_pb_column et_pb_column_1_4 et_block_column et_pb_css_mix_blend_mode_passthrough\">\n<div class=\"et_pb_module et_pb_button_module_wrapper et_pb_button_0_wrapper\"><a class=\"et_pb_button_0 et_pb_button et_pb_bg_layout_light et_pb_module et_block_module\" href=\"\">COTIZACI\u00d3N<\/a><\/div>\n<\/div>\n\n<div class=\"et_pb_column_6 et_pb_column et_pb_column_1_4 et_block_column et_pb_css_mix_blend_mode_passthrough\">\n<div class=\"et_pb_module et_pb_button_module_wrapper et_pb_button_1_wrapper\"><a class=\"et_pb_button_1 et_pb_button et_pb_bg_layout_light et_pb_module et_flex_module\" href=\"\" target=\"_blank\">FICHA T\u00c9CNICA<\/a><\/div>\n<\/div>\n\n<div class=\"et_pb_column_7 et_pb_column et_pb_column_1_2 et-last-child et_block_column et_pb_column_empty et_pb_css_mix_blend_mode_passthrough\"><\/div>\n<\/div>\n\n<div class=\"et_pb_row_4 et_pb_row et_flex_row\">\n<div class=\"et_pb_column_8 et_pb_column et-last-child et_flex_column et_pb_css_mix_blend_mode_passthrough et_flex_column_24_24 et_flex_column_24_24_tablet et_flex_column_24_24_phone\">\n<div class=\"et_pb_module et_pb_button_module_wrapper et_pb_button_2_wrapper\"><a class=\"et_pb_button_2 et_pb_button et_pb_bg_layout_dark et_pb_bg_layout_dark_phone et_pb_module et_flex_module\" href=\"\">COTIZACI\u00d3N<\/a><\/div>\n\n<div class=\"et_pb_module et_pb_button_module_wrapper et_pb_button_3_wrapper\"><a class=\"et_pb_button_3 et_pb_button et_pb_bg_layout_dark et_pb_bg_layout_dark_phone et_pb_module et_flex_module\" href=\"\">FICHA T\u00c9CNICA<\/a><\/div>\n<\/div>\n<\/div>\n\n<div class=\"et_pb_row_5 et_pb_row et_block_row\">\n<div class=\"et_pb_column_9 et_pb_column et_pb_column_1_2 et_block_column et_pb_css_mix_blend_mode_passthrough\">\n<div class=\"et_pb_text_4 et_pb_text et_pb_bg_layout_light et_pb_module et_block_module\"><div class=\"et_pb_text_inner\"><div id=\"comp-mah3t0f1\" class=\"Z_l5lU ku3DBC zQ9jDz qvSjx3 Vq6kJx comp-mah3t0f1 wixui-rich-text\" data-testid=\"richTextElement\">\n<div id=\"comp-mah3xqoo\" class=\"Z_l5lU ku3DBC zQ9jDz qvSjx3 Vq6kJx comp-mah3xqoo wixui-rich-text\" data-testid=\"richTextElement\">\n<h2 class=\"font_2 wixui-rich-text__text\"><strong><span class=\"wixui-rich-text__text\"><span class=\"color_15 wixui-rich-text__text\">Modelo 1000<\/span><\/span><\/strong><\/h2>\n<\/div>\n<div id=\"comp-mah3xhx7\" class=\"Z_l5lU ku3DBC zQ9jDz qvSjx3 Vq6kJx comp-mah3xhx7 wixui-rich-text\" data-testid=\"richTextElement\">\n<p class=\"font_8 wixui-rich-text__text\"><strong><span class=\"wixui-rich-text__text\">Caracteristicas:<\/span><\/strong><\/p>\n<p class=\"font_8 wixui-rich-text__text\"><em><span class=\"wixui-rich-text__text\">Mecanismo de cadena \u00fanicamente del<\/span><\/em><\/p>\n<p class=\"font_8 wixui-rich-text__text\"><em><span class=\"wixui-rich-text__text\">lado derecho de la cortina.<\/span><\/em><\/p>\n<p class=\"font_8 wixui-rich-text__text\"><em><span class=\"wixui-rich-text__text\">Gu\u00edas de fijaci\u00f3n de 6.5 cm ancho.<\/span><\/em><\/p>\n<p class=\"font_8 wixui-rich-text__text\"><em><span class=\"wixui-rich-text__text\">Barril de 9-1\/2\u201d.<\/span><\/em><\/p>\n<p class=\"font_8 wixui-rich-text__text\"><em><span class=\"wixui-rich-text__text\">Ancho m\u00ednimo de fabricaci\u00f3n:<\/span><\/em><\/p>\n<p class=\"font_8 wixui-rich-text__text\"><em><span class=\"wixui-rich-text__text\">19\u201d = 50 cm.<\/span><\/em><\/p>\n<p class=\"font_8 wixui-rich-text__text\"><strong><span class=\"wixui-rich-text__text\">Dimensiones m\u00e1ximas:<\/span><\/strong><\/p>\n<p class=\"font_8 wixui-rich-text__text\"><em><span class=\"wixui-rich-text__text\">12' ft ancho x 14\u2019 ft alto= 3.66 m x 4.27 m.<\/span><\/em><\/p>\n<p class=\"font_8 wixui-rich-text__text\"><strong><span class=\"wixui-rich-text__text\">Mecanismos disponibles:<\/span><\/strong><\/p>\n<p class=\"font_8 wixui-rich-text__text\"><em><span class=\"wixui-rich-text__text\">Impulso.<\/span><\/em><\/p>\n<p class=\"font_8 wixui-rich-text__text\"><em><span class=\"wixui-rich-text__text\">Cadena.<\/span><\/em><\/p>\n<p class=\"font_8 wixui-rich-text__text\"><em><span class=\"wixui-rich-text__text\">Motor.<\/span><\/em><\/p>\n<p class=\"font_8 wixui-rich-text__text\"><strong><span class=\"wixui-rich-text__text\">Aplicaciones:<\/span><\/strong><\/p>\n<p class=\"font_8 wixui-rich-text__text\"><em><span class=\"wixui-rich-text__text\">Locales comerciales.<\/span><\/em><\/p>\n<p class=\"font_8 wixui-rich-text__text\"><em><span class=\"wixui-rich-text__text\">Instalaciones de aperturas peque\u00f1as.<\/span><\/em><\/p>\n<\/div>\n<\/div>\n<\/div><\/div>\n<\/div>\n\n<div class=\"et_pb_column_10 et_pb_column et_pb_column_1_2 et-last-child et_block_column et_pb_css_mix_blend_mode_passthrough\">\n<div class=\"et_pb_image_1 et_pb_image et_pb_module et_block_module\"><span class=\"et_pb_image_wrap\"><img decoding=\"async\" src=\"https:\/\/intrajanus.com.mx\/Intjanus\/wp-content\/uploads\/mod_1000.avif\" width=\"695\" height=\"695\" srcset=\"https:\/\/intrajanus.com.mx\/Intjanus\/wp-content\/uploads\/mod_1000.avif 695w\" sizes=\"(max-width: 695px) 100vw, 695px\" class=\"wp-image-3087\" title=\"mod_1000\" alt=\"modelo 1000\" \/><\/span><\/div>\n<\/div>\n<\/div>\n\n<div class=\"et_pb_row_6 et_pb_row et_pb_row_3-5_1-5_1-5 et_block_row et_block_row_3-5_1-5_1-5\">\n<div class=\"et_pb_column_11 et_pb_column et_pb_column_3_5 et_block_column et_pb_column_empty et_pb_css_mix_blend_mode_passthrough\"><\/div>\n\n<div class=\"et_pb_column_12 et_pb_column et_pb_column_1_5 et_block_column et_pb_css_mix_blend_mode_passthrough\">\n<div class=\"et_pb_module et_pb_button_module_wrapper et_pb_button_4_wrapper\"><a class=\"et_pb_button_4 et_pb_button et_pb_bg_layout_light et_pb_module et_block_module\" href=\"\">COTIZACI\u00d3N<\/a><\/div>\n<\/div>\n\n<div class=\"et_pb_column_13 et_pb_column et_pb_column_1_5 et-last-child et_block_column et_pb_css_mix_blend_mode_passthrough\">\n<div class=\"et_pb_module et_pb_button_module_wrapper et_pb_button_5_wrapper\"><a class=\"et_pb_button_5 et_pb_button et_pb_bg_layout_light et_pb_module et_block_module\" href=\"\" target=\"_blank\">FICHA T\u00c9CNICA<\/a><\/div>\n<\/div>\n<\/div>\n\n<div class=\"et_pb_row_7 et_pb_row et_block_row\">\n<div class=\"et_pb_column_14 et_pb_column et_pb_column_1_2 et_block_column et_pb_css_mix_blend_mode_passthrough\">\n<div class=\"et_pb_text_5 et_pb_text et_pb_bg_layout_light et_pb_module et_block_module\"><div class=\"et_pb_text_inner\"><div id=\"comp-mah3t0f1\" class=\"Z_l5lU ku3DBC zQ9jDz qvSjx3 Vq6kJx comp-mah3t0f1 wixui-rich-text\" data-testid=\"richTextElement\">\n<div id=\"comp-mah3xqoo\" class=\"Z_l5lU ku3DBC zQ9jDz qvSjx3 Vq6kJx comp-mah3xqoo wixui-rich-text\" data-testid=\"richTextElement\">\n<h2 class=\"font_2 wixui-rich-text__text\"><strong><span class=\"wixui-rich-text__text\"><span class=\"color_15 wixui-rich-text__text\">Modelo 1000<\/span><\/span><\/strong><\/h2>\n<\/div>\n<div id=\"comp-mah3xhx7\" class=\"Z_l5lU ku3DBC zQ9jDz qvSjx3 Vq6kJx comp-mah3xhx7 wixui-rich-text\" data-testid=\"richTextElement\">\n<p class=\"font_8 wixui-rich-text__text\"><strong><span class=\"wixui-rich-text__text\">Caracteristicas:<\/span><\/strong><\/p>\n<p class=\"font_8 wixui-rich-text__text\"><em><span class=\"wixui-rich-text__text\">Mecanismo de cadena \u00fanicamente del<\/span><\/em><\/p>\n<p class=\"font_8 wixui-rich-text__text\"><em><span class=\"wixui-rich-text__text\">lado derecho de la cortina.<\/span><\/em><\/p>\n<p class=\"font_8 wixui-rich-text__text\"><em><span class=\"wixui-rich-text__text\">Gu\u00edas de fijaci\u00f3n de 6.5 cm ancho.<\/span><\/em><\/p>\n<p class=\"font_8 wixui-rich-text__text\"><em><span class=\"wixui-rich-text__text\">Barril de 9-1\/2\u201d.<\/span><\/em><\/p>\n<p class=\"font_8 wixui-rich-text__text\"><em><span class=\"wixui-rich-text__text\">Ancho m\u00ednimo de fabricaci\u00f3n:<\/span><\/em><\/p>\n<p class=\"font_8 wixui-rich-text__text\"><em><span class=\"wixui-rich-text__text\">19\u201d = 50 cm.<\/span><\/em><\/p>\n<p class=\"font_8 wixui-rich-text__text\"><strong><span class=\"wixui-rich-text__text\">Dimensiones m\u00e1ximas:<\/span><\/strong><\/p>\n<p class=\"font_8 wixui-rich-text__text\"><em><span class=\"wixui-rich-text__text\">12' ft ancho x 14\u2019 ft alto= 3.66 m x 4.27 m.<\/span><\/em><\/p>\n<p class=\"font_8 wixui-rich-text__text\"><strong><span class=\"wixui-rich-text__text\">Mecanismos disponibles:<\/span><\/strong><\/p>\n<p class=\"font_8 wixui-rich-text__text\"><em><span class=\"wixui-rich-text__text\">Impulso.<\/span><\/em><\/p>\n<p class=\"font_8 wixui-rich-text__text\"><em><span class=\"wixui-rich-text__text\">Cadena.<\/span><\/em><\/p>\n<p class=\"font_8 wixui-rich-text__text\"><em><span class=\"wixui-rich-text__text\">Motor.<\/span><\/em><\/p>\n<p class=\"font_8 wixui-rich-text__text\"><strong><span class=\"wixui-rich-text__text\">Aplicaciones:<\/span><\/strong><\/p>\n<p class=\"font_8 wixui-rich-text__text\"><em><span class=\"wixui-rich-text__text\">Locales comerciales.<\/span><\/em><\/p>\n<p class=\"font_8 wixui-rich-text__text\"><em><span class=\"wixui-rich-text__text\">Instalaciones de aperturas peque\u00f1as.<\/span><\/em><\/p>\n<\/div>\n<\/div>\n<\/div><\/div>\n<\/div>\n\n<div class=\"et_pb_column_15 et_pb_column et_pb_column_1_2 et-last-child et_block_column et_pb_css_mix_blend_mode_passthrough\">\n<div class=\"et_pb_image_2 et_pb_image et_pb_module et_flex_module\"><span class=\"et_pb_image_wrap\"><img decoding=\"async\" src=\"https:\/\/intrajanus.com.mx\/Intjanus\/wp-content\/uploads\/mod_1000.avif\" width=\"695\" height=\"695\" srcset=\"https:\/\/intrajanus.com.mx\/Intjanus\/wp-content\/uploads\/mod_1000.avif 695w\" sizes=\"(max-width: 695px) 100vw, 695px\" class=\"wp-image-3087\" title=\"mod_1000\" alt=\"modelo 1000\" \/><\/span><\/div>\n\n<div class=\"et_pb_row_8 et_pb_row et_pb_row_nested et_flex_row\">\n<div class=\"et_pb_column_16 et_pb_column et-last-child et_flex_column et_pb_css_mix_blend_mode_passthrough et_flex_column_24_24 et_flex_column_24_24_tablet et_flex_column_24_24_phone\">\n<div class=\"et_pb_module et_pb_button_module_wrapper et_pb_button_6_wrapper\"><a class=\"et_pb_button_6 et_pb_button et_pb_bg_layout_dark et_pb_bg_layout_dark_phone et_pb_module et_flex_module\" href=\"\">COTIZACI\u00d3N<\/a><\/div>\n\n<div class=\"et_pb_module et_pb_button_module_wrapper et_pb_button_7_wrapper\"><a class=\"et_pb_button_7 et_pb_button et_pb_bg_layout_dark et_pb_bg_layout_dark_phone et_pb_module et_flex_module\" href=\"\">FICHA T\u00c9CNICA<\/a><\/div>\n<\/div>\n<\/div>\n<\/div>\n<\/div>\n\n<div class=\"et_pb_row_9 et_pb_row et_block_row\">\n<div class=\"et_pb_column_17 et_pb_column et_pb_column_4_4 et-last-child et_block_column et_pb_css_mix_blend_mode_passthrough\">\n<div class=\"et_pb_text_6 et_pb_text et_pb_bg_layout_light et_pb_module et_block_module\"><div class=\"et_pb_text_inner\"><h1 style=\"text-align: center;\"><strong>Accesorios Disponibles<\/strong><\/h1>\n<\/div><\/div>\n<\/div>\n<\/div>\n\n<div class=\"et_pb_row_10 et_pb_row et_flex_row\">\n<div class=\"et_pb_column_18 et_pb_column et-last-child et_flex_column et_pb_css_mix_blend_mode_passthrough et_flex_column_24_24 et_flex_column_24_24_tablet et_flex_column_24_24_phone\">\n<div class=\"et_pb_heading_0 et_pb_heading et_pb_module et_flex_module\"><div class=\"et_pb_heading_container\"><h1 class=\"et_pb_module_header\" data-et-mv-hidden-phone=\"true\">Tu T\u00edtulo Va Aqu\u00ed<\/h1><\/div><\/div>\n<\/div>\n<\/div>\n\n<div class=\"et_pb_row_11 et_pb_row et_flex_row\">\n<div class=\"et_pb_column_19 et_pb_column et-last-child et_flex_column et_pb_css_mix_blend_mode_passthrough et_flex_column_24_24 et_flex_column_24_24_tablet et_flex_column_24_24_phone\">\n<div class=\"et_pb_image_3 et_pb_image et_pb_module et_flex_module\"><span class=\"et_pb_image_wrap\"><img loading=\"lazy\" loading=\"lazy\" decoding=\"async\" src=\"https:\/\/intrajanus.com.mx\/Intjanus\/wp-content\/uploads\/acc-disp-L.png\" title=\"acc-disp-L\" width=\"3510\" height=\"1993\" srcset=\"https:\/\/intrajanus.com.mx\/Intjanus\/wp-content\/uploads\/acc-disp-L.png 3510w, https:\/\/intrajanus.com.mx\/Intjanus\/wp-content\/uploads\/acc-disp-L-1280x727.png 1280w, https:\/\/intrajanus.com.mx\/Intjanus\/wp-content\/uploads\/acc-disp-L-980x556.png 980w, https:\/\/intrajanus.com.mx\/Intjanus\/wp-content\/uploads\/acc-disp-L-480x273.png 480w\" sizes=\"(min-width: 0px) and (max-width: 480px) 480px, (min-width: 481px) and (max-width: 980px) 980px, (min-width: 981px) and (max-width: 1280px) 1280px, (min-width: 1281px) 3510px, 100vw\" class=\"wp-image-3176\" \/><\/span><\/div>\n<\/div>\n<\/div>\n\n<div class=\"et_pb_row_12 et_pb_row et_grid_row\">\n<div class=\"et_pb_column_20 et_pb_column et-last-child et_flex_column et_pb_css_mix_blend_mode_passthrough\">\n<div class=\"et_pb_divider_0 et_pb_divider et_pb_space et_pb_divider_position_top et_pb_module\"><div class=\"et_pb_divider_internal\"><\/div><\/div>\n\n<div class=\"et_pb_heading_1 et_pb_heading et_pb_module et_flex_module\"><div class=\"et_pb_heading_container\"><h1 class=\"et_pb_module_header\">Opciones de mecanismos<\/h1><\/div>\n<div class=\"et_pb_image_4 et_pb_image et_pb_module et_flex_module\"><span class=\"et_pb_image_wrap\"><img loading=\"lazy\" loading=\"lazy\" decoding=\"async\" src=\"https:\/\/intrajanus.com.mx\/Intjanus\/wp-content\/uploads\/opciones_mecanismos.avif\" title=\"opciones_mecanismos\" width=\"1340\" height=\"600\" srcset=\"https:\/\/intrajanus.com.mx\/Intjanus\/wp-content\/uploads\/opciones_mecanismos.avif 1340w, https:\/\/intrajanus.com.mx\/Intjanus\/wp-content\/uploads\/opciones_mecanismos-300x134.avif 300w, https:\/\/intrajanus.com.mx\/Intjanus\/wp-content\/uploads\/opciones_mecanismos-1024x459.avif 1024w, https:\/\/intrajanus.com.mx\/Intjanus\/wp-content\/uploads\/opciones_mecanismos-768x344.avif 768w, https:\/\/intrajanus.com.mx\/Intjanus\/wp-content\/uploads\/opciones_mecanismos-1080x484.avif 1080w, https:\/\/intrajanus.com.mx\/Intjanus\/wp-content\/uploads\/opciones_mecanismos-1280x573.avif 1280w, https:\/\/intrajanus.com.mx\/Intjanus\/wp-content\/uploads\/opciones_mecanismos-980x439.avif 980w, https:\/\/intrajanus.com.mx\/Intjanus\/wp-content\/uploads\/opciones_mecanismos-480x215.avif 480w\" sizes=\"(max-width: 1340px) 100vw, 1340px\" class=\"wp-image-3147\" \/><\/span><\/div>\n<\/div>\n<\/div>\n<\/div>\n<\/div>","protected":false},"excerpt":{"rendered":"","protected":false},"author":1,"featured_media":0,"parent":0,"menu_order":0,"comment_status":"closed","ping_status":"closed","template":"","meta":{"_joinchat":[],"footnotes":""},"class_list":["post-3081","page","type-page","status-publish","hentry"],"_links":{"self":[{"href":"https:\/\/intrajanus.com.mx\/Intjanus\/index.php\/wp-json\/wp\/v2\/pages\/3081","targetHints":{"allow":["GET"]}}],"collection":[{"href":"https:\/\/intrajanus.com.mx\/Intjanus\/index.php\/wp-json\/wp\/v2\/pages"}],"about":[{"href":"https:\/\/intrajanus.com.mx\/Intjanus\/index.php\/wp-json\/wp\/v2\/types\/page"}],"author":[{"embeddable":true,"href":"https:\/\/intrajanus.com.mx\/Intjanus\/index.php\/wp-json\/wp\/v2\/users\/1"}],"replies":[{"embeddable":true,"href":"https:\/\/intrajanus.com.mx\/Intjanus\/index.php\/wp-json\/wp\/v2\/comments?post=3081"}],"version-history":[{"count":39,"href":"https:\/\/intrajanus.com.mx\/Intjanus\/index.php\/wp-json\/wp\/v2\/pages\/3081\/revisions"}],"predecessor-version":[{"id":3247,"href":"https:\/\/intrajanus.com.mx\/Intjanus\/index.php\/wp-json\/wp\/v2\/pages\/3081\/revisions\/3247"}],"wp:attachment":[{"href":"https:\/\/intrajanus.com.mx\/Intjanus\/index.php\/wp-json\/wp\/v2\/media?parent=3081"}],"curies":[{"name":"wp","href":"https:\/\/api.w.org\/{rel}","templated":true}]}}