{"id":2451,"date":"2023-06-24T14:42:45","date_gmt":"2023-06-24T19:42:45","guid":{"rendered":"https:\/\/intrajanus.com.mx\/Intjanus\/?page_id=2451"},"modified":"2026-03-04T15:41:02","modified_gmt":"2026-03-04T21:41:02","slug":"intrajanus23","status":"publish","type":"page","link":"https:\/\/intrajanus.com.mx\/Intjanus\/","title":{"rendered":"INTRAJANUS23"},"content":{"rendered":"<div class=\"et_pb_section_0 et_pb_section et_pb_fullwidth_section et_section_regular et_block_section\">\n<div class=\"et_pb_fullwidth_slider_0 et_pb_slider et_slider_auto et_slider_speed_9000 et_animated et_pb_module\"><div class=\"et_pb_slides\">\n<div class=\"et_pb_slide_0 et_pb_slide et_pb_media_alignment_center et_pb_bg_layout_dark et_pb_text_align_center preset--module--divi-slide--default\" data-slide-id=\"divi\/slide-0\"><div class=\"et_pb_container\"><div class=\"et_pb_slider_container_inner\"><div class=\"et_pb_slide_description\"><h2 class=\"et_pb_slide_title\">Innovaci\u00f3n y Calidad en Bodegas Port\u00e1tiles y Cortinas Met\u00e1licas<\/h2><\/div><\/div><\/div><\/div>\n\n<div class=\"et_pb_slide_1 et_pb_slide et_pb_media_alignment_center et_pb_bg_layout_dark et_pb_text_align_center preset--module--divi-slide--default\" data-slide-id=\"divi\/slide-1\"><div class=\"et_pb_container\"><div class=\"et_pb_slider_container_inner\"><div class=\"et_pb_slide_description\"><h2 class=\"et_pb_slide_title\">Innovaci\u00f3n y Calidad en Bodegas Port\u00e1tiles y Cortinas Met\u00e1licas<\/h2><\/div><\/div><\/div><\/div>\n\n<div class=\"et_pb_slide_2 et_pb_slide et_pb_media_alignment_center et_pb_bg_layout_dark et_pb_text_align_center preset--module--divi-slide--default\" data-slide-id=\"divi\/slide-2\"><div class=\"et_pb_container\"><div class=\"et_pb_slider_container_inner\"><div class=\"et_pb_slide_description\"><h2 class=\"et_pb_slide_title\">Innovaci\u00f3n y Calidad en Bodegas Port\u00e1tiles y Cortinas Met\u00e1licas<\/h2><\/div><\/div><\/div><\/div>\n<\/div><\/div>\n<\/div>\n\n<div class=\"et_pb_section_1 et_pb_section et_section_regular et_block_section\">\n<div class=\"et_pb_row_0 et_pb_row et_block_row\">\n<div class=\"et_pb_column_0 et_pb_column et_pb_column_1_5 et_block_column et_pb_css_mix_blend_mode_passthrough\">\n<div class=\"et_pb_image_0 et_pb_image et_pb_module et_block_module\"><span class=\"et_pb_image_wrap\"><img fetchpriority=\"high\" fetchpriority=\"high\" decoding=\"async\" src=\"https:\/\/intrajanus.com.mx\/Intjanus\/wp-content\/uploads\/LOGOTIPO-INTRAJANUS_240820_135306.png\" width=\"914\" height=\"246\" srcset=\"https:\/\/intrajanus.com.mx\/Intjanus\/wp-content\/uploads\/LOGOTIPO-INTRAJANUS_240820_135306.png 914w, https:\/\/intrajanus.com.mx\/Intjanus\/wp-content\/uploads\/LOGOTIPO-INTRAJANUS_240820_135306-480x129.png 480w\" sizes=\"(min-width: 0px) and (max-width: 480px) 480px, (min-width: 481px) 914px, 100vw\" class=\"wp-image-2847\" title=\"LOGOTIPO INTRAJANUS_240820_135306\" \/><\/span><\/div>\n<\/div>\n\n<div class=\"et_pb_column_1 et_pb_column et_pb_column_3_5 et_block_column et_pb_css_mix_blend_mode_passthrough\">\n<div class=\"et_pb_text_0 et_pb_text et_pb_bg_layout_light et_pb_module et_block_module\"><div class=\"et_pb_text_inner\"><p style=\"text-align: center;\">Con\u00f3cenos<\/p>\n<\/div><\/div>\n\n<div class=\"et_pb_text_1 et_pb_text et_pb_bg_layout_light et_pb_module et_block_module\"><div class=\"et_pb_text_inner\"><p style=\"text-align: justify;\">Aqu\u00ed nos preocupa la calidad ante todo. Desde el concepto inicial hasta el producto terminado, nuestra atenci\u00f3n al detalle no tiene comparaci\u00f3n. En este mundo que no para de girar, <strong>IntraJANUS<\/strong> ha puesto la base para la innovaci\u00f3n y la manufactura.<\/p>\n<\/div><\/div>\n<\/div>\n\n<div class=\"et_pb_column_2 et_pb_column et_pb_column_1_5 et-last-child et_block_column et_pb_css_mix_blend_mode_passthrough\">\n<div class=\"et_pb_image_1 et_pb_image et_pb_module et_block_module\"><span class=\"et_pb_image_wrap\"><img decoding=\"async\" src=\"https:\/\/intrajanus.com.mx\/Intjanus\/wp-content\/uploads\/tiempos_entrega.png\" width=\"358\" height=\"163\" srcset=\"https:\/\/intrajanus.com.mx\/Intjanus\/wp-content\/uploads\/tiempos_entrega.png 358w, https:\/\/intrajanus.com.mx\/Intjanus\/wp-content\/uploads\/tiempos_entrega-300x137.png 300w\" sizes=\"(max-width: 358px) 100vw, 358px\" class=\"wp-image-2839\" title=\"tiempos_entrega\" \/><\/span><\/div>\n<\/div>\n<\/div>\n<\/div>\n\n<div class=\"et_pb_section_2 et_pb_section et_section_regular et_block_section\">\n<div class=\"et_pb_row_1 et_pb_row et_block_row\">\n<div class=\"et_pb_column_3 et_pb_column et_pb_column_1_5 et_block_column et_pb_css_mix_blend_mode_passthrough\">\n<div class=\"et_pb_image_2 et_pb_image et_pb_module et_block_module\"><span class=\"et_pb_image_wrap\"><img fetchpriority=\"high\" fetchpriority=\"high\" decoding=\"async\" src=\"https:\/\/intrajanus.com.mx\/Intjanus\/wp-content\/uploads\/LOGOTIPO-INTRAJANUS_240820_135306.png\" width=\"914\" height=\"246\" srcset=\"https:\/\/intrajanus.com.mx\/Intjanus\/wp-content\/uploads\/LOGOTIPO-INTRAJANUS_240820_135306.png 914w, https:\/\/intrajanus.com.mx\/Intjanus\/wp-content\/uploads\/LOGOTIPO-INTRAJANUS_240820_135306-480x129.png 480w\" sizes=\"(min-width: 0px) and (max-width: 480px) 480px, (min-width: 481px) 914px, 100vw\" class=\"wp-image-2847\" title=\"LOGOTIPO INTRAJANUS_240820_135306\" \/><\/span><\/div>\n<\/div>\n\n<div class=\"et_pb_column_4 et_pb_column et_pb_column_3_5 et_block_column et_pb_css_mix_blend_mode_passthrough\">\n<div class=\"et_pb_text_2 et_pb_text et_pb_bg_layout_light et_pb_module et_block_module\"><div class=\"et_pb_text_inner\"><p style=\"text-align: center;\">Con\u00f3cenos<\/p>\n<\/div><\/div>\n\n<div class=\"et_pb_text_3 et_pb_text et_pb_bg_layout_light et_pb_module et_block_module\"><div class=\"et_pb_text_inner\"><p style=\"text-align: justify;\">Aqu\u00ed nos preocupa la calidad ante todo.Desde el concepto inicial hasta el producto terminado, nuestra atenci\u00f3n al detalle no tiene comparaci\u00f3n. En este mundo que no para de girar, <strong>IntraJANUS<\/strong> ha puesto la base para la innovaci\u00f3n y la manufactura.<\/p>\n<\/div><\/div>\n<\/div>\n\n<div class=\"et_pb_column_5 et_pb_column et_pb_column_1_5 et-last-child et_block_column et_pb_css_mix_blend_mode_passthrough\">\n<div class=\"et_pb_image_3 et_pb_image et_pb_module et_block_module\"><span class=\"et_pb_image_wrap\"><img decoding=\"async\" src=\"https:\/\/intrajanus.com.mx\/Intjanus\/wp-content\/uploads\/tiempos_entrega.png\" width=\"358\" height=\"163\" srcset=\"https:\/\/intrajanus.com.mx\/Intjanus\/wp-content\/uploads\/tiempos_entrega.png 358w, https:\/\/intrajanus.com.mx\/Intjanus\/wp-content\/uploads\/tiempos_entrega-300x137.png 300w\" sizes=\"(max-width: 358px) 100vw, 358px\" class=\"wp-image-2839\" title=\"tiempos_entrega\" \/><\/span><\/div>\n<\/div>\n<\/div>\n<\/div>\n\n<div class=\"et_pb_section_3 et_pb_section et_section_regular et_block_section\">\n<div class=\"et_pb_row_2 et_pb_row et_block_row\">\n<div class=\"et_pb_column_6 et_pb_column et_pb_column_1_2 et_block_column et_pb_css_mix_blend_mode_passthrough\">\n<div class=\"et_pb_text_4 et_pb_text et_pb_bg_layout_light et_pb_module et_block_module\"><div class=\"et_pb_text_inner\" data-et-mv-hidden-tablet=\"true\" data-et-mv-hidden-phone=\"true\"><h1><strong><\/strong><\/h1>\n<h1><strong><\/strong><\/h1>\n<p><strong><\/strong><\/p>\n<p>&nbsp;<\/p>\n<h1><strong><\/strong><\/h1>\n<h1><strong>QUI\u00c9NES SOMOS<\/strong><\/h1>\n<p>&nbsp;<\/p>\n<p style=\"text-align: left;\">Empresa mexicana con m\u00e1s de 22 a\u00f1os en el mercado, somos l\u00edderes en la fabricaci\u00f3n de <strong>cortinas met\u00e1licas enrollables y bodegas port\u00e1tiles<\/strong> de alta durabilidad, seguridad, bajo mantenimiento y f\u00e1cil operaci\u00f3n, funcionan para m\u00faltiples aplicaciones en diversos sectores: comerciales, industriales, residencial, de log\u00edstica y muchos m\u00e1s.<\/p>\n<\/div><\/div>\n\n<div class=\"et_pb_module et_pb_button_module_wrapper et_pb_button_0_wrapper\"><a class=\"et_pb_button_0 et_pb_button et_pb_bg_layout_light et_pb_module et_block_module\" href=\"\">Contacto<\/a><\/div>\n<\/div>\n\n<div class=\"et_pb_column_7 et_pb_column et_pb_column_1_2 et-last-child et_block_column et_pb_css_mix_blend_mode_passthrough\">\n<div class=\"et_pb_video_slider_0 et_pb_video_slider et_pb_module\"><div class=\"et_pb_slider et_pb_preload et_pb_slider_carousel et_pb_slider_no_pagination et_pb_controls_light\"><div class=\"et_pb_slides\">\n<div class=\"et_pb_video_slider_item_0 et_pb_video_slider_item et_pb_slide et_pb_bg_layout_dark\" data-image=\"\"><div class=\"et_pb_video_wrap\"><div class=\"et_pb_video_box\"><video controls><source type=\"video\/mp4\" src=\"https:\/\/intrajanus.com.mx\/Intjanus\/wp-content\/uploads\/v_expo_c.mp4\" \/><\/video><\/div><div class=\"et_pb_video_overlay\" style=\"\"><div class=\"et_pb_video_overlay_hover\"><a class=\"et_pb_video_play\" href=\"#\"><\/a><\/div><\/div><\/div><\/div>\n<\/div><\/div><\/div>\n<\/div>\n<\/div>\n<\/div>\n\n<div class=\"et_pb_section_4 et_pb_section et_section_regular et_block_section\">\n<div class=\"et_pb_row_3 et_pb_row et_block_row\">\n<div class=\"et_pb_column_8 et_pb_column et_pb_column_4_4 et-last-child et_block_column et_pb_css_mix_blend_mode_passthrough\">\n<div class=\"et_pb_image_4 et_pb_image et_pb_module et_block_module\"><span class=\"et_pb_image_wrap\"><img decoding=\"async\" src=\"https:\/\/intrajanus.com.mx\/Intjanus\/wp-content\/uploads\/cortinas2.jpg\" width=\"1247\" height=\"762\" srcset=\"https:\/\/intrajanus.com.mx\/Intjanus\/wp-content\/uploads\/cortinas2.jpg 1247w, https:\/\/intrajanus.com.mx\/Intjanus\/wp-content\/uploads\/cortinas2-980x599.jpg 980w, https:\/\/intrajanus.com.mx\/Intjanus\/wp-content\/uploads\/cortinas2-480x293.jpg 480w\" sizes=\"(min-width: 0px) and (max-width: 480px) 480px, (min-width: 481px) and (max-width: 980px) 980px, (min-width: 981px) 1247px, 100vw\" class=\"wp-image-3026\" title=\"cortinas2\" \/><\/span><\/div>\n<\/div>\n<\/div>\n\n<div class=\"et_pb_row_4 et_pb_row et_block_row\">\n<div class=\"et_pb_column_9 et_pb_column et_pb_column_4_4 et-last-child et_block_column et_pb_css_mix_blend_mode_passthrough\">\n<div class=\"et_pb_image_5 et_pb_image et_pb_module et_block_module\"><span class=\"et_pb_image_wrap\"><img loading=\"lazy\" loading=\"lazy\" decoding=\"async\" src=\"https:\/\/intrajanus.com.mx\/Intjanus\/wp-content\/uploads\/cortinas1-1.png\" width=\"809\" height=\"292\" srcset=\"https:\/\/intrajanus.com.mx\/Intjanus\/wp-content\/uploads\/cortinas1-1.png 809w, https:\/\/intrajanus.com.mx\/Intjanus\/wp-content\/uploads\/cortinas1-1-480x173.png 480w\" sizes=\"(min-width: 0px) and (max-width: 480px) 480px, (min-width: 481px) 809px, 100vw\" class=\"wp-image-3045\" title=\"cortinas1-1\" \/><\/span><\/div>\n\n<div class=\"et_pb_image_6 et_pb_image et_pb_module et_block_module\"><span class=\"et_pb_image_wrap\"><img decoding=\"async\" src=\"https:\/\/intrajanus.com.mx\/Intjanus\/wp-content\/uploads\/tiempos_entrega.png\" width=\"358\" height=\"163\" srcset=\"https:\/\/intrajanus.com.mx\/Intjanus\/wp-content\/uploads\/tiempos_entrega.png 358w, https:\/\/intrajanus.com.mx\/Intjanus\/wp-content\/uploads\/tiempos_entrega-300x137.png 300w\" sizes=\"(max-width: 358px) 100vw, 358px\" class=\"wp-image-2839\" title=\"tiempos_entrega\" \/><\/span><\/div>\n\n<div class=\"et_pb_image_7 et_pb_image et_pb_module et_block_module\"><span class=\"et_pb_image_wrap\"><img loading=\"lazy\" loading=\"lazy\" decoding=\"async\" src=\"https:\/\/intrajanus.com.mx\/Intjanus\/wp-content\/uploads\/cortinas2-2.png\" width=\"789\" height=\"416\" srcset=\"https:\/\/intrajanus.com.mx\/Intjanus\/wp-content\/uploads\/cortinas2-2.png 789w, https:\/\/intrajanus.com.mx\/Intjanus\/wp-content\/uploads\/cortinas2-2-480x253.png 480w\" sizes=\"(min-width: 0px) and (max-width: 480px) 480px, (min-width: 481px) 789px, 100vw\" class=\"wp-image-3047\" title=\"cortinas2-2\" \/><\/span><\/div>\n\n<div class=\"et_pb_image_8 et_pb_image et_pb_module et_block_module\"><span class=\"et_pb_image_wrap\"><img loading=\"lazy\" loading=\"lazy\" decoding=\"async\" src=\"https:\/\/intrajanus.com.mx\/Intjanus\/wp-content\/uploads\/cortinas_colores.avif\" width=\"325\" height=\"169\" srcset=\"https:\/\/intrajanus.com.mx\/Intjanus\/wp-content\/uploads\/cortinas_colores.avif 325w, https:\/\/intrajanus.com.mx\/Intjanus\/wp-content\/uploads\/cortinas_colores-300x156.avif 300w\" sizes=\"(max-width: 325px) 100vw, 325px\" class=\"wp-image-3046\" title=\"cortinas_colores\" \/><\/span><\/div>\n<\/div>\n<\/div>\n<\/div>\n\n<div class=\"et_pb_section_5 et_pb_section et_section_regular et_block_section\">\n<div class=\"et_pb_row_5 et_pb_row et_flex_row\">\n<div class=\"et_pb_column_10 et_pb_column et-last-child et_flex_column et_pb_css_mix_blend_mode_passthrough et_flex_column_24_24 et_flex_column_24_24_tablet et_flex_column_24_24_phone\">\n<div class=\"et_pb_code_0 et_pb_code et_pb_module ij-carrusel-wrap\"><div class=\"et_pb_code_inner\"><div class=\"ij-coverflow\">\n  <div class=\"swiper ij-swiper\">\n    <div class=\"swiper-wrapper\">\n      <div class=\"swiper-slide\"><img decoding=\"async\" src=\"https:\/\/intrajanus.com.mx\/Intjanus\/wp-content\/uploads\/fondo_duela_plana.avif\" alt=\"Proyecto 1\"><\/div>\n      <div class=\"swiper-slide\"><img decoding=\"async\" src=\"https:\/\/intrajanus.com.mx\/Intjanus\/wp-content\/uploads\/multiperforado.avif\" alt=\"Proyecto 2\"><\/div>\n      <div class=\"swiper-slide\"><img decoding=\"async\" src=\"https:\/\/intrajanus.com.mx\/Intjanus\/wp-content\/uploads\/cort_mini_roja.jpg\" alt=\"Proyecto 3\"><\/div>\n      <div class=\"swiper-slide\"><img decoding=\"async\" src=\"https:\/\/intrajanus.com.mx\/Intjanus\/wp-content\/uploads\/md22.avif\" alt=\"Proyecto 4\"><\/div>\n      <div class=\"swiper-slide\"><img decoding=\"async\" src=\"https:\/\/intrajanus.com.mx\/Intjanus\/wp-content\/uploads\/cort_bod_blancas.jpg\" alt=\"Proyecto 5\"><\/div>\n      <div class=\"swiper-slide\"><img decoding=\"async\" src=\"https:\/\/intrajanus.com.mx\/Intjanus\/wp-content\/uploads\/cort_mini_nar.jpg\" alt=\"Proyecto 6\"><\/div>\n      <div class=\"swiper-slide\"><img decoding=\"async\" src=\"https:\/\/intrajanus.com.mx\/Intjanus\/wp-content\/uploads\/sotano_7.webp\" alt=\"Proyecto 7\"><\/div>\n      <div class=\"swiper-slide\"><img decoding=\"async\" src=\"https:\/\/intrajanus.com.mx\/Intjanus\/wp-content\/uploads\/mod_md22.webp\" alt=\"Proyecto 8\"><\/div>\n    <\/div>\n  <\/div>\n<\/div>\n\n<link rel=\"stylesheet\" href=\"https:\/\/cdn.jsdelivr.net\/npm\/swiper@11\/swiper-bundle.min.css\">\n\n<style>\n.ij-coverflow { padding: 30px 0; }\n.ij-coverflow .ij-swiper { width: 100%; overflow: visible; }\n.ij-coverflow .swiper-wrapper { align-items: center; }\n\n.ij-coverflow .swiper-slide{\n  width: 520px;\n  display:flex;\n  justify-content:center;\n  align-items:center;\n  opacity:.25;\n  transition: opacity .25s ease;\n}\n.ij-coverflow .swiper-slide-active{ opacity: 1; }\n\n.ij-coverflow .swiper-slide img{\n  width:100%;\n  height:340px;\n  object-fit:cover;\n  border-radius:12px;\n  box-shadow:0 14px 35px rgba(0,0,0,.18);\n  transform: scale(.92);\n  transition: transform .35s ease;\n  user-select:none;\n  -webkit-user-drag:none;\n}\n.ij-coverflow .swiper-slide-active img{ transform: scale(1); }\n\n@media (max-width: 980px){\n  .ij-coverflow .swiper-slide{ width:78vw; }\n  .ij-coverflow .swiper-slide img{ height:240px; }\n}\n<\/style>\n\n<script src=\"https:\/\/cdn.jsdelivr.net\/npm\/swiper@11\/swiper-bundle.min.js\"><\/script>\n\n<script>\ndocument.addEventListener('DOMContentLoaded', function () {\n  const el = document.querySelector('.ij-swiper');\n  if (!el) return;\n\n  if (typeof Swiper === 'undefined') {\n    console.warn('Swiper no carg\u00f3');\n    return;\n  }\n\n  new Swiper(el, {\n    loop: true,\n    centeredSlides: true,\n    slidesPerView: 'auto',\n    grabCursor: true,\n    effect: 'coverflow',\n    coverflowEffect: {\n      rotate: 0,\n      stretch: 140,\n      depth: 260,\n      modifier: 1,\n      slideShadows: false\n    },\n    autoplay: {\n      delay: 3200,\n      disableOnInteraction: true\n    },\n    speed: 650\n  });\n});\n<\/script><\/div><\/div>\n<\/div>\n<\/div>\n<\/div>","protected":false},"excerpt":{"rendered":"","protected":false},"author":1,"featured_media":0,"parent":0,"menu_order":0,"comment_status":"closed","ping_status":"closed","template":"","meta":{"_joinchat":[],"footnotes":""},"class_list":["post-2451","page","type-page","status-publish","hentry"],"_links":{"self":[{"href":"https:\/\/intrajanus.com.mx\/Intjanus\/index.php\/wp-json\/wp\/v2\/pages\/2451","targetHints":{"allow":["GET"]}}],"collection":[{"href":"https:\/\/intrajanus.com.mx\/Intjanus\/index.php\/wp-json\/wp\/v2\/pages"}],"about":[{"href":"https:\/\/intrajanus.com.mx\/Intjanus\/index.php\/wp-json\/wp\/v2\/types\/page"}],"author":[{"embeddable":true,"href":"https:\/\/intrajanus.com.mx\/Intjanus\/index.php\/wp-json\/wp\/v2\/users\/1"}],"replies":[{"embeddable":true,"href":"https:\/\/intrajanus.com.mx\/Intjanus\/index.php\/wp-json\/wp\/v2\/comments?post=2451"}],"version-history":[{"count":288,"href":"https:\/\/intrajanus.com.mx\/Intjanus\/index.php\/wp-json\/wp\/v2\/pages\/2451\/revisions"}],"predecessor-version":[{"id":3351,"href":"https:\/\/intrajanus.com.mx\/Intjanus\/index.php\/wp-json\/wp\/v2\/pages\/2451\/revisions\/3351"}],"wp:attachment":[{"href":"https:\/\/intrajanus.com.mx\/Intjanus\/index.php\/wp-json\/wp\/v2\/media?parent=2451"}],"curies":[{"name":"wp","href":"https:\/\/api.w.org\/{rel}","templated":true}]}}