{"id":2139,"date":"2021-09-05T16:41:42","date_gmt":"2021-09-05T21:41:42","guid":{"rendered":"https:\/\/intrajanus.com.mx\/Intjanus\/?page_id=2139"},"modified":"2021-09-14T18:40:44","modified_gmt":"2021-09-14T23:40:44","slug":"nosotros","status":"publish","type":"page","link":"https:\/\/intrajanus.com.mx\/Intjanus\/index.php\/nosotros\/","title":{"rendered":"Nosotros"},"content":{"rendered":"\t\t<div data-elementor-type=\"wp-page\" data-elementor-id=\"2139\" class=\"elementor elementor-2139\">\n\t\t\t\t\t\t<section class=\"elementor-section elementor-top-section elementor-element elementor-element-5fa8a096 elementor-section-boxed elementor-section-height-default elementor-section-height-default\" data-id=\"5fa8a096\" data-element_type=\"section\" data-e-type=\"section\">\n\t\t\t\t\t\t<div class=\"elementor-container elementor-column-gap-default\">\n\t\t\t\t\t<div class=\"elementor-column elementor-col-100 elementor-top-column elementor-element elementor-element-56f17ba6\" data-id=\"56f17ba6\" data-element_type=\"column\" data-e-type=\"column\">\n\t\t\t<div class=\"elementor-widget-wrap\">\n\t\t\t\t\t\t\t<\/div>\n\t\t<\/div>\n\t\t\t\t\t<\/div>\n\t\t<\/section>\n\t\t\t\t<section class=\"elementor-section elementor-top-section elementor-element elementor-element-8e0937d elementor-section-boxed elementor-section-height-default elementor-section-height-default\" data-id=\"8e0937d\" data-element_type=\"section\" data-e-type=\"section\">\n\t\t\t\t\t\t<div class=\"elementor-container elementor-column-gap-default\">\n\t\t\t\t\t<div class=\"elementor-column elementor-col-100 elementor-top-column elementor-element elementor-element-c18bfc6\" data-id=\"c18bfc6\" data-element_type=\"column\" data-e-type=\"column\">\n\t\t\t<div class=\"elementor-widget-wrap\">\n\t\t\t\t\t\t\t<\/div>\n\t\t<\/div>\n\t\t\t\t\t<\/div>\n\t\t<\/section>\n\t\t\t\t<section class=\"elementor-section elementor-top-section elementor-element elementor-element-ff16910 elementor-section-boxed elementor-section-height-default elementor-section-height-default\" data-id=\"ff16910\" data-element_type=\"section\" data-e-type=\"section\">\n\t\t\t\t\t\t<div class=\"elementor-container elementor-column-gap-default\">\n\t\t\t\t\t<div class=\"elementor-column elementor-col-100 elementor-top-column elementor-element elementor-element-238efc7\" data-id=\"238efc7\" data-element_type=\"column\" data-e-type=\"column\">\n\t\t\t<div class=\"elementor-widget-wrap elementor-element-populated\">\n\t\t\t\t\t\t<div class=\"elementor-element elementor-element-a7170d4 elementor-widget elementor-widget-spacer\" data-id=\"a7170d4\" data-element_type=\"widget\" data-e-type=\"widget\" data-widget_type=\"spacer.default\">\n\t\t\t\t<div class=\"elementor-widget-container\">\n\t\t\t\t\t\t\t<div class=\"elementor-spacer\">\n\t\t\t<div class=\"elementor-spacer-inner\"><\/div>\n\t\t<\/div>\n\t\t\t\t\t\t<\/div>\n\t\t\t\t<\/div>\n\t\t\t\t\t<\/div>\n\t\t<\/div>\n\t\t\t\t\t<\/div>\n\t\t<\/section>\n\t\t\t\t<section class=\"elementor-section elementor-top-section elementor-element elementor-element-a4bba8e elementor-section-boxed elementor-section-height-default elementor-section-height-default\" data-id=\"a4bba8e\" data-element_type=\"section\" data-e-type=\"section\">\n\t\t\t\t\t\t<div class=\"elementor-container elementor-column-gap-default\">\n\t\t\t\t\t<div class=\"elementor-column elementor-col-100 elementor-top-column elementor-element elementor-element-6440f92\" data-id=\"6440f92\" data-element_type=\"column\" data-e-type=\"column\">\n\t\t\t<div class=\"elementor-widget-wrap elementor-element-populated\">\n\t\t\t\t\t\t<div class=\"elementor-element elementor-element-fcdff65 elementor-widget elementor-widget-image\" data-id=\"fcdff65\" data-element_type=\"widget\" data-e-type=\"widget\" data-widget_type=\"image.default\">\n\t\t\t\t<div class=\"elementor-widget-container\">\n\t\t\t\t\t\t\t\t\t\t\t\t\t\t\t<img decoding=\"async\" src=\"https:\/\/intrajanus.com.mx\/Intjanus\/Intjanus\/wp-content\/uploads\/intrajanus_planta.png\" title=\"\" alt=\"\" loading=\"lazy\" \/>\t\t\t\t\t\t\t\t\t\t\t\t\t\t\t<\/div>\n\t\t\t\t<\/div>\n\t\t\t\t\t<\/div>\n\t\t<\/div>\n\t\t\t\t\t<\/div>\n\t\t<\/section>\n\t\t\t\t<section class=\"elementor-section elementor-top-section elementor-element elementor-element-1ec7f47 elementor-section-boxed elementor-section-height-default elementor-section-height-default\" data-id=\"1ec7f47\" data-element_type=\"section\" data-e-type=\"section\">\n\t\t\t\t\t\t<div class=\"elementor-container elementor-column-gap-default\">\n\t\t\t\t\t<div class=\"elementor-column elementor-col-50 elementor-top-column elementor-element elementor-element-50ad2bb\" data-id=\"50ad2bb\" data-element_type=\"column\" data-e-type=\"column\">\n\t\t\t<div class=\"elementor-widget-wrap elementor-element-populated\">\n\t\t\t\t\t\t<div class=\"elementor-element elementor-element-f36e21e elementor-widget elementor-widget-text-editor\" data-id=\"f36e21e\" data-element_type=\"widget\" data-e-type=\"widget\" data-widget_type=\"text-editor.default\">\n\t\t\t\t<div class=\"elementor-widget-container\">\n\t\t\t\t\t\t\t\t\t<p style=\"text-align: left;\">\n<\/p><p style=\"text-align: left;\"><b>Nuestra Historia:<\/b><\/p>\t\t\t\t\t\t\t\t<\/div>\n\t\t\t\t<\/div>\n\t\t\t\t<div class=\"elementor-element elementor-element-6659cda elementor-widget elementor-widget-text-editor\" data-id=\"6659cda\" data-element_type=\"widget\" data-e-type=\"widget\" data-widget_type=\"text-editor.default\">\n\t\t\t\t<div class=\"elementor-widget-container\">\n\t\t\t\t\t\t\t\t\t<p style=\"text-align: left;\"><span style=\"font-family: var( --e-global-typography-text-font-family ), Sans-serif; font-size: 15px; text-align: justify;\">Intrajanus es la empresa mexicana l\u00edder con m\u00e1s de 10 a\u00f1os en el mercado.<\/span><\/p><p>Nos especializamos en el dise\u00f1o, ingenier\u00eda y fabricaci\u00f3n de mini bodegas y sistemas de almacenaje para desarrollos habitacionales, as\u00ed como fabricaci\u00f3n de cortinas met\u00e1licas ligeras de nueva generaci\u00f3n.<\/p>\t\t\t\t\t\t\t\t<\/div>\n\t\t\t\t<\/div>\n\t\t\t\t\t<\/div>\n\t\t<\/div>\n\t\t\t\t<div class=\"elementor-column elementor-col-50 elementor-top-column elementor-element elementor-element-4ba663b\" data-id=\"4ba663b\" data-element_type=\"column\" data-e-type=\"column\">\n\t\t\t<div class=\"elementor-widget-wrap elementor-element-populated\">\n\t\t\t\t\t\t<div class=\"elementor-element elementor-element-9516f96 elementor-widget elementor-widget-image\" data-id=\"9516f96\" data-element_type=\"widget\" data-e-type=\"widget\" data-widget_type=\"image.default\">\n\t\t\t\t<div class=\"elementor-widget-container\">\n\t\t\t\t\t\t\t\t\t\t\t\t\t\t\t<img fetchpriority=\"high\" fetchpriority=\"high\" decoding=\"async\" width=\"225\" height=\"227\" src=\"https:\/\/intrajanus.com.mx\/Intjanus\/wp-content\/uploads\/innovacion.jpg\" class=\"attachment-medium size-medium wp-image-2168\" alt=\"\" srcset=\"https:\/\/intrajanus.com.mx\/Intjanus\/wp-content\/uploads\/innovacion.jpg 225w, https:\/\/intrajanus.com.mx\/Intjanus\/wp-content\/uploads\/innovacion-150x150.jpg 150w\" sizes=\"(max-width: 225px) 100vw, 225px\" \/>\t\t\t\t\t\t\t\t\t\t\t\t\t\t\t<\/div>\n\t\t\t\t<\/div>\n\t\t\t\t\t<\/div>\n\t\t<\/div>\n\t\t\t\t\t<\/div>\n\t\t<\/section>\n\t\t\t\t<section class=\"elementor-section elementor-top-section elementor-element elementor-element-d44f508 elementor-section-boxed elementor-section-height-default elementor-section-height-default\" data-id=\"d44f508\" data-element_type=\"section\" data-e-type=\"section\">\n\t\t\t\t\t\t<div class=\"elementor-container elementor-column-gap-default\">\n\t\t\t\t\t<div class=\"elementor-column elementor-col-33 elementor-top-column elementor-element elementor-element-fab6011\" data-id=\"fab6011\" data-element_type=\"column\" data-e-type=\"column\">\n\t\t\t<div class=\"elementor-widget-wrap elementor-element-populated\">\n\t\t\t\t\t\t<div class=\"elementor-element elementor-element-70806c8 elementor-widget elementor-widget-heading\" data-id=\"70806c8\" data-element_type=\"widget\" data-e-type=\"widget\" data-widget_type=\"heading.default\">\n\t\t\t\t<div class=\"elementor-widget-container\">\n\t\t\t\t\t<h3 class=\"elementor-heading-title elementor-size-default\">La mejor manera de predecir el futuro es crearlo.<\/h3>\t\t\t\t<\/div>\n\t\t\t\t<\/div>\n\t\t\t\t<div class=\"elementor-element elementor-element-91d4b15 elementor-widget-divider--view-line elementor-widget elementor-widget-divider\" data-id=\"91d4b15\" data-element_type=\"widget\" data-e-type=\"widget\" data-widget_type=\"divider.default\">\n\t\t\t\t<div class=\"elementor-widget-container\">\n\t\t\t\t\t\t\t<div class=\"elementor-divider\">\n\t\t\t<span class=\"elementor-divider-separator\">\n\t\t\t\t\t\t<\/span>\n\t\t<\/div>\n\t\t\t\t\t\t<\/div>\n\t\t\t\t<\/div>\n\t\t\t\t<div class=\"elementor-element elementor-element-fce4e02 elementor-widget elementor-widget-text-editor\" data-id=\"fce4e02\" data-element_type=\"widget\" data-e-type=\"widget\" data-widget_type=\"text-editor.default\">\n\t\t\t\t<div class=\"elementor-widget-container\">\n\t\t\t\t\t\t\t\t\t<div><strong><span lang=\"ES\">Misi\u00f3n:<\/span><\/strong><\/div><div><span lang=\"ES\">Crear sistemas de almacenaje innovadores con un dise\u00f1o \u00fanico e ingenier\u00eda de valor; para todo tipo de desarrollos.<\/span><\/div>\t\t\t\t\t\t\t\t<\/div>\n\t\t\t\t<\/div>\n\t\t\t\t\t<\/div>\n\t\t<\/div>\n\t\t\t\t<div class=\"elementor-column elementor-col-33 elementor-top-column elementor-element elementor-element-1c8c4e5\" data-id=\"1c8c4e5\" data-element_type=\"column\" data-e-type=\"column\">\n\t\t\t<div class=\"elementor-widget-wrap elementor-element-populated\">\n\t\t\t\t\t\t<div class=\"elementor-element elementor-element-c286a31 elementor-widget elementor-widget-image\" data-id=\"c286a31\" data-element_type=\"widget\" data-e-type=\"widget\" data-widget_type=\"image.default\">\n\t\t\t\t<div class=\"elementor-widget-container\">\n\t\t\t\t\t\t\t\t\t\t\t\t\t\t\t<img decoding=\"async\" width=\"297\" height=\"300\" src=\"https:\/\/intrajanus.com.mx\/Intjanus\/wp-content\/uploads\/INGENIERIA-297x300.jpg\" class=\"attachment-medium size-medium wp-image-2209\" alt=\"\" srcset=\"https:\/\/intrajanus.com.mx\/Intjanus\/wp-content\/uploads\/INGENIERIA-297x300.jpg 297w, https:\/\/intrajanus.com.mx\/Intjanus\/wp-content\/uploads\/INGENIERIA.jpg 340w\" sizes=\"(max-width: 297px) 100vw, 297px\" \/>\t\t\t\t\t\t\t\t\t\t\t\t\t\t\t<\/div>\n\t\t\t\t<\/div>\n\t\t\t\t\t<\/div>\n\t\t<\/div>\n\t\t\t\t<div class=\"elementor-column elementor-col-33 elementor-top-column elementor-element elementor-element-e8caa72\" data-id=\"e8caa72\" data-element_type=\"column\" data-e-type=\"column\">\n\t\t\t<div class=\"elementor-widget-wrap elementor-element-populated\">\n\t\t\t\t\t\t<div class=\"elementor-element elementor-element-8d47423 elementor-widget elementor-widget-text-editor\" data-id=\"8d47423\" data-element_type=\"widget\" data-e-type=\"widget\" data-widget_type=\"text-editor.default\">\n\t\t\t\t<div class=\"elementor-widget-container\">\n\t\t\t\t\t\t\t\t\t<div><strong><span lang=\"ES\">\u00a0<\/span><\/strong><\/div><div><strong><span lang=\"ES\">\u00a0<\/span><\/strong><\/div><div><strong><span lang=\"ES\">\u00a0<\/span><\/strong><\/div><div><strong><span lang=\"ES\">\u00a0<\/span><\/strong><\/div><div><strong><span lang=\"ES\">\u00a0<\/span><\/strong><\/div><div><strong><span lang=\"ES\">\u00a0<\/span><\/strong><\/div><div><strong><span lang=\"ES\">Visi\u00f3n:<\/span><\/strong><\/div><div><span lang=\"ES\">Ser l\u00edder mundial en el sector industrial de la fabricaci\u00f3n en sistemas de almacenaje.<\/span><\/div>\t\t\t\t\t\t\t\t<\/div>\n\t\t\t\t<\/div>\n\t\t\t\t\t<\/div>\n\t\t<\/div>\n\t\t\t\t\t<\/div>\n\t\t<\/section>\n\t\t\t\t<section class=\"elementor-section elementor-top-section elementor-element elementor-element-17add02 elementor-section-boxed elementor-section-height-default elementor-section-height-default\" data-id=\"17add02\" data-element_type=\"section\" data-e-type=\"section\">\n\t\t\t\t\t\t<div class=\"elementor-container elementor-column-gap-default\">\n\t\t\t\t\t<div class=\"elementor-column elementor-col-100 elementor-top-column elementor-element elementor-element-d64c98a\" data-id=\"d64c98a\" data-element_type=\"column\" data-e-type=\"column\">\n\t\t\t<div class=\"elementor-widget-wrap elementor-element-populated\">\n\t\t\t\t\t\t<div class=\"elementor-element elementor-element-067e07d elementor-widget elementor-widget-heading\" data-id=\"067e07d\" data-element_type=\"widget\" data-e-type=\"widget\" data-widget_type=\"heading.default\">\n\t\t\t\t<div class=\"elementor-widget-container\">\n\t\t\t\t\t<h3 class=\"elementor-heading-title elementor-size-default\"><b>No puedes comprar la creatividad; tienes que inspirarla<\/b><\/h3>\t\t\t\t<\/div>\n\t\t\t\t<\/div>\n\t\t\t\t<div class=\"elementor-element elementor-element-7b661be elementor-widget-divider--view-line elementor-widget elementor-widget-divider\" data-id=\"7b661be\" data-element_type=\"widget\" data-e-type=\"widget\" data-widget_type=\"divider.default\">\n\t\t\t\t<div class=\"elementor-widget-container\">\n\t\t\t\t\t\t\t<div class=\"elementor-divider\">\n\t\t\t<span class=\"elementor-divider-separator\">\n\t\t\t\t\t\t<\/span>\n\t\t<\/div>\n\t\t\t\t\t\t<\/div>\n\t\t\t\t<\/div>\n\t\t\t\t<div class=\"elementor-element elementor-element-6651a45 elementor-widget elementor-widget-text-editor\" data-id=\"6651a45\" data-element_type=\"widget\" data-e-type=\"widget\" data-widget_type=\"text-editor.default\">\n\t\t\t\t<div class=\"elementor-widget-container\">\n\t\t\t\t\t\t\t\t\t<div><strong><span lang=\"ES\">Valores:<\/span><\/strong><\/div>\t\t\t\t\t\t\t\t<\/div>\n\t\t\t\t<\/div>\n\t\t\t\t<div class=\"elementor-element elementor-element-8536daf elementor-widget elementor-widget-text-editor\" data-id=\"8536daf\" data-element_type=\"widget\" data-e-type=\"widget\" data-widget_type=\"text-editor.default\">\n\t\t\t\t<div class=\"elementor-widget-container\">\n\t\t\t\t\t\t\t\t\t<ul>\n<li>Honestidad: Usamos la verdad, transparencia y franqueza como una herramienta para ganarnos la confianza y credibilidad frente al entorno al que nos dirigimos.<\/li>\n<li>Calidad: Buscamos que todos nuestros productos cuenten con la calidad m\u00e1xima que nos ayude a acercarnos a la perfecci\u00f3n y hacer a nuestros clientes contentos.<\/li>\n<li>Puntualidad: Sabemos que el tiempo es muy valioso, por eso buscamos tener tiempos de entrega e instalaci\u00f3n eficientes.<\/li>\n<li>Pasi\u00f3n: Nos gusta lo que hacemos y eso se refleja en nuestro compromiso con nuestro entorno.<\/li><li>Orientaci\u00f3n al cliente: Nos esforzamos constantemente por repensar nuestras propuestas de valor para adecuarnos a las necesidades de nuestros clientes y as\u00ed crecer de manera sustentable.<\/li>\n<\/ul>\t\t\t\t\t\t\t\t<\/div>\n\t\t\t\t<\/div>\n\t\t\t\t\t<\/div>\n\t\t<\/div>\n\t\t\t\t\t<\/div>\n\t\t<\/section>\n\t\t\t\t<section class=\"elementor-section elementor-top-section elementor-element elementor-element-dba9165 elementor-section-boxed elementor-section-height-default elementor-section-height-default\" data-id=\"dba9165\" data-element_type=\"section\" data-e-type=\"section\">\n\t\t\t\t\t\t<div class=\"elementor-container elementor-column-gap-default\">\n\t\t\t\t\t<div class=\"elementor-column elementor-col-33 elementor-top-column elementor-element elementor-element-39a9272\" data-id=\"39a9272\" data-element_type=\"column\" data-e-type=\"column\">\n\t\t\t<div class=\"elementor-widget-wrap elementor-element-populated\">\n\t\t\t\t\t\t<div class=\"elementor-element elementor-element-59d5b0e elementor-widget elementor-widget-image\" data-id=\"59d5b0e\" data-element_type=\"widget\" data-e-type=\"widget\" data-widget_type=\"image.default\">\n\t\t\t\t<div class=\"elementor-widget-container\">\n\t\t\t\t\t\t\t\t\t\t\t\t\t\t\t<img decoding=\"async\" width=\"297\" height=\"300\" src=\"https:\/\/intrajanus.com.mx\/Intjanus\/wp-content\/uploads\/CALIDAD-297x300.jpg\" class=\"attachment-medium size-medium wp-image-2231\" alt=\"\" srcset=\"https:\/\/intrajanus.com.mx\/Intjanus\/wp-content\/uploads\/CALIDAD-297x300.jpg 297w, https:\/\/intrajanus.com.mx\/Intjanus\/wp-content\/uploads\/CALIDAD.jpg 340w\" sizes=\"(max-width: 297px) 100vw, 297px\" \/>\t\t\t\t\t\t\t\t\t\t\t\t\t\t\t<\/div>\n\t\t\t\t<\/div>\n\t\t\t\t\t<\/div>\n\t\t<\/div>\n\t\t\t\t<div class=\"elementor-column elementor-col-33 elementor-top-column elementor-element elementor-element-a0dbd48\" data-id=\"a0dbd48\" data-element_type=\"column\" data-e-type=\"column\">\n\t\t\t<div class=\"elementor-widget-wrap elementor-element-populated\">\n\t\t\t\t\t\t<div class=\"elementor-element elementor-element-7729454 elementor-widget elementor-widget-image\" data-id=\"7729454\" data-element_type=\"widget\" data-e-type=\"widget\" data-widget_type=\"image.default\">\n\t\t\t\t<div class=\"elementor-widget-container\">\n\t\t\t\t\t\t\t\t\t\t\t\t\t\t\t<img loading=\"lazy\" loading=\"lazy\" decoding=\"async\" width=\"297\" height=\"300\" src=\"https:\/\/intrajanus.com.mx\/Intjanus\/wp-content\/uploads\/DISENO-297x300.jpg\" class=\"attachment-medium size-medium wp-image-2232\" alt=\"\" srcset=\"https:\/\/intrajanus.com.mx\/Intjanus\/wp-content\/uploads\/DISENO-297x300.jpg 297w, https:\/\/intrajanus.com.mx\/Intjanus\/wp-content\/uploads\/DISENO.jpg 340w\" sizes=\"(max-width: 297px) 100vw, 297px\" \/>\t\t\t\t\t\t\t\t\t\t\t\t\t\t\t<\/div>\n\t\t\t\t<\/div>\n\t\t\t\t\t<\/div>\n\t\t<\/div>\n\t\t\t\t<div class=\"elementor-column elementor-col-33 elementor-top-column elementor-element elementor-element-8e6b662\" data-id=\"8e6b662\" data-element_type=\"column\" data-e-type=\"column\">\n\t\t\t<div class=\"elementor-widget-wrap elementor-element-populated\">\n\t\t\t\t\t\t<div class=\"elementor-element elementor-element-2c21540 elementor-widget elementor-widget-image\" data-id=\"2c21540\" data-element_type=\"widget\" data-e-type=\"widget\" data-widget_type=\"image.default\">\n\t\t\t\t<div class=\"elementor-widget-container\">\n\t\t\t\t\t\t\t\t\t\t\t\t\t\t\t<img loading=\"lazy\" loading=\"lazy\" decoding=\"async\" width=\"297\" height=\"300\" src=\"https:\/\/intrajanus.com.mx\/Intjanus\/wp-content\/uploads\/TECNOLOGIA-297x300.jpg\" class=\"attachment-medium size-medium wp-image-2233\" alt=\"\" srcset=\"https:\/\/intrajanus.com.mx\/Intjanus\/wp-content\/uploads\/TECNOLOGIA-297x300.jpg 297w, https:\/\/intrajanus.com.mx\/Intjanus\/wp-content\/uploads\/TECNOLOGIA.jpg 340w\" sizes=\"(max-width: 297px) 100vw, 297px\" \/>\t\t\t\t\t\t\t\t\t\t\t\t\t\t\t<\/div>\n\t\t\t\t<\/div>\n\t\t\t\t\t<\/div>\n\t\t<\/div>\n\t\t\t\t\t<\/div>\n\t\t<\/section>\n\t\t\t\t<\/div>\n\t\t","protected":false},"excerpt":{"rendered":"<p>Nuestra Historia: Intrajanus es la empresa mexicana l\u00edder con m\u00e1s de 10 a\u00f1os en el mercado. Nos especializamos en el dise\u00f1o, ingenier\u00eda y fabricaci\u00f3n de mini bodegas y sistemas de almacenaje para desarrollos habitacionales, as\u00ed como fabricaci\u00f3n de cortinas met\u00e1licas ligeras de nueva generaci\u00f3n. La mejor manera de predecir el futuro es crearlo. Misi\u00f3n:Crear sistemas [&hellip;]<\/p>\n","protected":false},"author":1,"featured_media":0,"parent":0,"menu_order":0,"comment_status":"closed","ping_status":"closed","template":"","meta":{"_joinchat":[],"footnotes":""},"class_list":["post-2139","page","type-page","status-publish","hentry"],"_links":{"self":[{"href":"https:\/\/intrajanus.com.mx\/Intjanus\/index.php\/wp-json\/wp\/v2\/pages\/2139","targetHints":{"allow":["GET"]}}],"collection":[{"href":"https:\/\/intrajanus.com.mx\/Intjanus\/index.php\/wp-json\/wp\/v2\/pages"}],"about":[{"href":"https:\/\/intrajanus.com.mx\/Intjanus\/index.php\/wp-json\/wp\/v2\/types\/page"}],"author":[{"embeddable":true,"href":"https:\/\/intrajanus.com.mx\/Intjanus\/index.php\/wp-json\/wp\/v2\/users\/1"}],"replies":[{"embeddable":true,"href":"https:\/\/intrajanus.com.mx\/Intjanus\/index.php\/wp-json\/wp\/v2\/comments?post=2139"}],"version-history":[{"count":77,"href":"https:\/\/intrajanus.com.mx\/Intjanus\/index.php\/wp-json\/wp\/v2\/pages\/2139\/revisions"}],"predecessor-version":[{"id":2249,"href":"https:\/\/intrajanus.com.mx\/Intjanus\/index.php\/wp-json\/wp\/v2\/pages\/2139\/revisions\/2249"}],"wp:attachment":[{"href":"https:\/\/intrajanus.com.mx\/Intjanus\/index.php\/wp-json\/wp\/v2\/media?parent=2139"}],"curies":[{"name":"wp","href":"https:\/\/api.w.org\/{rel}","templated":true}]}}